{"id":981,"date":"2020-03-09T18:10:41","date_gmt":"2020-03-09T17:10:41","guid":{"rendered":"https:\/\/conzil.de\/?page_id=981"},"modified":"2020-07-17T14:25:36","modified_gmt":"2020-07-17T12:25:36","slug":"veranstaltungen-fuer-verbaende","status":"publish","type":"page","link":"https:\/\/conzil.de\/en\/veranstaltungen-fuer-verbaende\/","title":{"rendered":"Verbandsexperten &#8211; Veranstaltungen f\u00fcr Verb\u00e4nde"},"content":{"rendered":"<p class=\"qtranxs-available-languages-message qtranxs-available-languages-message-en\">Sorry, this entry is only available in <a href=\"https:\/\/conzil.de\/de\/wp-json\/wp\/v2\/pages\/981\" class=\"qtranxs-available-language-link qtranxs-available-language-link-de\" title=\"Deutsch\">German<\/a>. For the sake of viewer convenience, the content is shown below in the alternative language. You may click the link to switch the active language.<\/p><p><img decoding=\"async\" loading=\"lazy\" class=\"img-frame \" src=\"https:\/\/conzil.de\/wp-content\/uploads\/2020\/03\/verb\u00e4nde1.jpeg\" width=\"1047\" height=\"538\" \/><\/p>\n<p>&nbsp;<\/p>\n<p>Die CONZIL Veranstaltungsagentur verf\u00fcgt \u00fcber eine ausgesprochene Expertise bei der Organisation von Veranstaltungen f\u00fcr Verb\u00e4nde und Non-Profit-Organisationen. F\u00fcr deren F\u00fchrungskr\u00e4fte, Fachkr\u00e4fte und Mitglieder setzen wir Jahrestagungen, Fachforen, Versammlungen und Messen mit hoher Praxisrelevanz um.<\/p>\n<p>&nbsp;<\/p>\n<p>Wir sind Ihr Verbandsexperte und organisieren Ihre Veranstaltungen mit Ausstellungen, Mitgliederversammlungen, Vorstands- oder Pr\u00e4sidiumssitzungen, Klausur- oder Fachtagungen sowie Ihrer Arbeitsgruppen und Arbeitskreise.<\/p>\n<p>&nbsp;<\/p>\n<p>Sprechen Sie uns an \u2013 wir freuen uns auf Ihre Kontaktaufnahme.<\/p>\n<p>&nbsp;<\/p>\n<ul class=\"bullet_arrow imglist\">\n<li>Gesamtorganisation und Durchf\u00fchrung des Kongresses\/ der Veranstaltung<\/li>\n<li>Venue Sourcing: Gezielte Recherche von Tagungshotels und Locations (bedarfsorientiert)<\/li>\n<li>Organisation von Rahmenprogrammen<\/li>\n<li>Referenten- und Teilnehmermanagement (webbasiert)<\/li>\n<li>Digitale Abstractverwaltung<\/li>\n<li>Programmierung einer eigenen Veranstaltungs-Website<\/li>\n<li>Einkauf und Verwaltung von Hotelzimmerkontingenten<\/li>\n<li>Qualit\u00e4tsmanagement<\/li>\n<li>Akquise von Sponsoren und Ausstellern<\/li>\n<\/ul>\n<p>&nbsp;<\/p>\n<p>F\u00fcr VerbandsInformationsreisen, Site Inspection Days oder VerbandsDialoge kooperieren wir eng mit<br \/>\nFrau Daniela Wintzer von <a href=\"http:\/\/www.wintzer-connexion.de\"><strong>Wintzer ConneXion<\/strong><\/a>, dem Netzwerk f\u00fcr Verbandsveranstaltungen.<\/p>\n<p>&nbsp;<\/p>\n<p>Sie haben Fragen oder bereits eine konkrete Anfrage? Sprechen Sie uns an \u2013 wir freuen uns auf Ihre Kontaktaufnahme.<br \/>\n<i class=\"wp-svg-phone phone\"><\/i> +49 (0) 40 22 65 93 00 | <i class=\"wp-svg-envelop envelop\"><\/i> <a href=\"mailto:elbe@conzil.de\">elbe@conzil.de<\/a><\/p>","protected":false},"excerpt":{"rendered":"<p>Sorry, this entry is only available in German. For the sake of viewer convenience, the content is shown below in [&hellip;]<\/p>\n","protected":false},"author":1,"featured_media":0,"parent":0,"menu_order":0,"comment_status":"closed","ping_status":"closed","template":"","meta":{"ngg_post_thumbnail":0},"aioseo_notices":[],"_links":{"self":[{"href":"https:\/\/conzil.de\/en\/wp-json\/wp\/v2\/pages\/981"}],"collection":[{"href":"https:\/\/conzil.de\/en\/wp-json\/wp\/v2\/pages"}],"about":[{"href":"https:\/\/conzil.de\/en\/wp-json\/wp\/v2\/types\/page"}],"author":[{"embeddable":true,"href":"https:\/\/conzil.de\/en\/wp-json\/wp\/v2\/users\/1"}],"replies":[{"embeddable":true,"href":"https:\/\/conzil.de\/en\/wp-json\/wp\/v2\/comments?post=981"}],"version-history":[{"count":0,"href":"https:\/\/conzil.de\/en\/wp-json\/wp\/v2\/pages\/981\/revisions"}],"wp:attachment":[{"href":"https:\/\/conzil.de\/en\/wp-json\/wp\/v2\/media?parent=981"}],"curies":[{"name":"wp","href":"https:\/\/api.w.org\/{rel}","templated":true}]}}