{"id":825,"date":"2019-01-14T15:40:41","date_gmt":"2019-01-14T14:40:41","guid":{"rendered":"https:\/\/conzil.de\/?page_id=825"},"modified":"2025-03-07T14:44:04","modified_gmt":"2025-03-07T13:44:04","slug":"karriere","status":"publish","type":"page","link":"https:\/\/conzil.de\/en\/karriere\/","title":{"rendered":"Karriere &#8211; Werde Teil unseres Teams"},"content":{"rendered":"<p class=\"qtranxs-available-languages-message qtranxs-available-languages-message-en\">Sorry, this entry is only available in <a href=\"https:\/\/conzil.de\/de\/wp-json\/wp\/v2\/pages\/825\" class=\"qtranxs-available-language-link qtranxs-available-language-link-de\" title=\"Deutsch\">German<\/a>. For the sake of viewer convenience, the content is shown below in the alternative language. You may click the link to switch the active language.<\/p><p><img decoding=\"async\" loading=\"lazy\" class=\"img-frame \" src=\"https:\/\/conzil.de\/wp-content\/uploads\/2020\/06\/karriere1.jpg\" width=\"1075\" height=\"535\"><\/p>\n<p>&nbsp;<\/p>\n<p>Die CONZIL Veranstaltungs GmbH ist eine Veranstaltungsagentur mit Sitz in Hamburg.<br \/>\nF\u00fcr unsere Kunden organisieren wir verschiedenste Veranstaltungen (bspw.: Tagungen, Messen, Firmenfeiern, Incentives, Kick-off Veranstaltungen, Teambuildings, etc.).<\/p>\n<p>Mit unserem Produkt SPIELGALERIE planen wir themenbezogene Erlebnisaktionen f\u00fcr Klein und Gro\u00df auf Veranstaltungen.<br \/>\nSie haben Lust Teil unseres Teams zu werden? Wir freuen uns auf Ihre Kontaktaufnahme!<\/p>\n<p>&nbsp;<\/p>\n<h2>F\u00fcr den Ausbau unseres Standortes in Hamburg suchen wir:<\/h2>\n<hr>\n<h3>Teamassistenz (w\/m\/d) in Teilzeit (20 Std.)<\/h3>\n<p><span style=\"text-decoration: underline;\"><strong>Das sind Ihre Aufgaben<\/strong><\/span><\/p>\n<ul>\n<li>Betreuung von Bestandskunden<\/li>\n<li>Angebotserstellung<\/li>\n<li>Mitarbeit bei der Entwicklung von Verkaufsstrategien und Marketingaktivit\u00e4ten<\/li>\n<li>Unterst\u00fctzung Vertrieb: Sales und Telefonmarketing<\/li>\n<li>Abrechnung &#8211; Erstellung von Rechnungen<\/li>\n<li>Pflege des CRM-Systems und regelm\u00e4\u00dfiges Reporting an die Gesch\u00e4ftsleitung<\/li>\n<li>Mitarbeit an Projekten f\u00fcr verschiedene Kunden<\/li>\n<\/ul>\n<p>&nbsp;<\/p>\n<p><span style=\"text-decoration: underline;\"><strong>Das bringen Sie mit:<\/strong><\/span><\/p>\n<ul>\n<li>Abgeschlossene kaufm\u00e4nnische Ausbildung, idealerweise im Bereich Veranstaltungsmanagement<\/li>\n<li>Sie arbeiten selbst\u00e4ndig, ergebnisorientiert und mit ausgepr\u00e4gter Hands-on-Mentalit\u00e4t<\/li>\n<li>Sie haben ein selbstsicheres sowie professionelles Auftreten<\/li>\n<li>Sehr gute Kenntnisse der MS-Office-Produkte<\/li>\n<li>Gute Deutsch- und Englischkenntnisse in Wort und Schrift<\/li>\n<\/ul>\n<p>&nbsp;<\/p>\n<p><span style=\"text-decoration: underline;\"><strong>Das bieten wir<\/strong><\/span><\/p>\n<ul>\n<li>Hybrides Arbeiten m\u00f6glich<\/li>\n<li>flexible Arbeitszeiten<\/li>\n<li>eine vielseitige und anspruchsvolle T\u00e4tigkeit<\/li>\n<li>Zuschuss zum Deutschlandticket<\/li>\n<\/ul>\n<p>&nbsp;<\/p>\n<p><strong>Interessiert?<\/strong> Dann freuen wir uns auf Ihre Bewerbung an:<\/p>\n<p>&nbsp;<\/p>\n<p>Fragen beantwortet Ihnen Roman Zilz (Tel.: 040 226 593 020), gerne vorab. Senden Sie Ihre Bewerbungsunterlagen mit Angabe Ihres fr\u00fchestm\u00f6glichen Starttermins und Ihrer Gehaltsvorstellungen an <a href=\"personal@conzil.de\">personal@conzil.de<\/a>&nbsp;Wir freuen uns auf Ihre Kontaktaufnahme!&nbsp;<\/p>","protected":false},"excerpt":{"rendered":"<p>Sorry, this entry is only available in German. For the sake of viewer convenience, the content is shown below in [&hellip;]<\/p>\n","protected":false},"author":1,"featured_media":0,"parent":0,"menu_order":0,"comment_status":"closed","ping_status":"closed","template":"","meta":{"ngg_post_thumbnail":0},"aioseo_notices":[],"_links":{"self":[{"href":"https:\/\/conzil.de\/en\/wp-json\/wp\/v2\/pages\/825"}],"collection":[{"href":"https:\/\/conzil.de\/en\/wp-json\/wp\/v2\/pages"}],"about":[{"href":"https:\/\/conzil.de\/en\/wp-json\/wp\/v2\/types\/page"}],"author":[{"embeddable":true,"href":"https:\/\/conzil.de\/en\/wp-json\/wp\/v2\/users\/1"}],"replies":[{"embeddable":true,"href":"https:\/\/conzil.de\/en\/wp-json\/wp\/v2\/comments?post=825"}],"version-history":[{"count":2,"href":"https:\/\/conzil.de\/en\/wp-json\/wp\/v2\/pages\/825\/revisions"}],"predecessor-version":[{"id":1738,"href":"https:\/\/conzil.de\/en\/wp-json\/wp\/v2\/pages\/825\/revisions\/1738"}],"wp:attachment":[{"href":"https:\/\/conzil.de\/en\/wp-json\/wp\/v2\/media?parent=825"}],"curies":[{"name":"wp","href":"https:\/\/api.w.org\/{rel}","templated":true}]}}