{"id":730,"date":"2018-05-24T12:18:41","date_gmt":"2018-05-24T10:18:41","guid":{"rendered":"https:\/\/conzil.de\/?page_id=730"},"modified":"2020-07-17T12:51:11","modified_gmt":"2020-07-17T10:51:11","slug":"allgemeine-nutzungsbedingungen","status":"publish","type":"page","link":"https:\/\/conzil.de\/en\/allgemeine-nutzungsbedingungen\/","title":{"rendered":"Allgemeine Nutzungsbedingungen"},"content":{"rendered":"<p>Bei www.conzil.de handelt es sich um ein Dienstleistungsangebot der CONZIL Veranstaltungs GmbH. Die nachfolgenden Nutzungsbedingungen sind ma\u00dfgeblich und bindend f\u00fcr die Nutzung der Website und ihrer Inhalten. Mit Zugriff auf die Webseite erkl\u00e4rt sich der Nutzer mit diesen Bedingungen einverstanden.<\/p>\n<p>&nbsp;<\/p>\n<p>Die CONZIL Veranstaltungs GmbH ist berechtigt, den Inhalt dieser Nutzungsbedingungen ohne vorherige Ank\u00fcndigung zu \u00e4ndern. Die Nutzung dieser Webseite erfolgt auf eigene Gefahr. Die CONZIL Veranstaltungs GmbH \u00fcbernimmt keine Gew\u00e4hr f\u00fcr die st\u00e4ndige Verf\u00fcgbarkeit der Webseite und ihrer Inhalte. Die CONZIL Veranstaltungs GmbH \u00fcbernimmt insbesondere keine Gew\u00e4hr f\u00fcr das Nichtvorhandensein von Viren und die fehlerfreie \u00dcbertragung. F\u00fcr weitere, per Link eingestellte und angebotene Inhalte und Leistungen Dritter \u00fcbernimmt die CONZIL Veranstaltungs GmbH keine Verantwortung.<\/p>\n<p>&nbsp;<\/p>\n<p>Sofern ein Nutzer mit Dritten Rechtsgesch\u00e4fte abschlie\u00dft, ist die CONZIL Veranstaltungs GmbH an diesen Gesch\u00e4ften nicht beteiligt. Gegen\u00fcber der CONZIL Veranstaltungs GmbH bestehen weder Rechte noch Pflichten aus solchen Gesch\u00e4ften. S\u00e4mtliche Rechte in Bezug auf die auf dieser Webseite bereitgestellten Inhalte verbleiben bei der CONZIL Veranstaltungs GmbH oder ihren Lizenzgebern. Es ist untersagt, Informationen oder Marken von dieser Webseite zu benutzen, zu vervielf\u00e4ltigen, zu verarbeiten, weiterzuverbreiten, zu ver\u00f6ffentlichen oder herunterzuladen.<\/p>\n<p>&nbsp;<\/p>\n<p>Die CONZIL Veranstaltungs GmbH ist verpflichtet, alle pers\u00f6nlichen Daten in Einklang mit den datenschutzrechtlichen Bestimmungen zu behandeln. Die CONZIL Veranstaltungs GmbH ist berechtigt, die in Verbindung mit der Vermittlung mitgeteilten personenbezogenen Daten des Kunden zur Abwicklung der Vermittlung sowie f\u00fcr statistische Zwecke zu speichern und zu verarbeiten.<\/p>\n<p>&nbsp;<\/p>\n<p>S\u00e4mtliche \u00fcber die Datenbanken von conzil.de zur Verf\u00fcgung gestellten Informationen unterliegen dem Urheberrecht. Die Information d\u00fcrfen dem vorgesehenen Verwendungszweck entsprechend abgerufen und betrachtet werden. Ein automatisiertes Abrufen und Speichern der Informationen stellt eine Urheberrechtsverletzung dar und ist strafbar.<\/p>\n<p>&nbsp;<\/p>\n<p>Es gilt ausschlie\u00dflich das Recht der Bundesrepublik Deutschland. Erf\u00fcllungsort ist Hamburg. Ausschlie\u00dflicher Gerichtsstand aller Anspr\u00fcche im Zusammenhang mit diesen Bestimmungen ist Hamburg. Sollte eine Bestimmung dieser Allgemeinen Nutzungsbedingungen unwirksam sein oder werden, so wird die Wirksamkeit der Nutzungsbedingungen im \u00dcbrigen hierdurch nicht ber\u00fchrt.<\/p>\n","protected":false},"excerpt":{"rendered":"<p>Bei www.conzil.de handelt es sich um ein Dienstleistungsangebot der CONZIL Veranstaltungs GmbH. Die nachfolgenden Nutzungsbedingungen sind ma\u00dfgeblich und bindend f\u00fcr [&hellip;]<\/p>\n","protected":false},"author":1,"featured_media":0,"parent":0,"menu_order":0,"comment_status":"closed","ping_status":"closed","template":"","meta":{"ngg_post_thumbnail":0},"aioseo_notices":[],"_links":{"self":[{"href":"https:\/\/conzil.de\/en\/wp-json\/wp\/v2\/pages\/730"}],"collection":[{"href":"https:\/\/conzil.de\/en\/wp-json\/wp\/v2\/pages"}],"about":[{"href":"https:\/\/conzil.de\/en\/wp-json\/wp\/v2\/types\/page"}],"author":[{"embeddable":true,"href":"https:\/\/conzil.de\/en\/wp-json\/wp\/v2\/users\/1"}],"replies":[{"embeddable":true,"href":"https:\/\/conzil.de\/en\/wp-json\/wp\/v2\/comments?post=730"}],"version-history":[{"count":0,"href":"https:\/\/conzil.de\/en\/wp-json\/wp\/v2\/pages\/730\/revisions"}],"wp:attachment":[{"href":"https:\/\/conzil.de\/en\/wp-json\/wp\/v2\/media?parent=730"}],"curies":[{"name":"wp","href":"https:\/\/api.w.org\/{rel}","templated":true}]}}