{"id":492,"date":"2015-07-01T17:23:47","date_gmt":"2015-07-01T15:23:47","guid":{"rendered":"http:\/\/conzil.de\/?page_id=492"},"modified":"2022-06-13T11:45:16","modified_gmt":"2022-06-13T09:45:16","slug":"messe-kongress","status":"publish","type":"page","link":"https:\/\/conzil.de\/en\/messe-kongress\/","title":{"rendered":"Congresses &#038; Fairs \u201cWhere the world meets\u201d"},"content":{"rendered":"<p class=\"qtranxs-available-languages-message qtranxs-available-languages-message-en\">Sorry, this entry is only available in <a href=\"https:\/\/conzil.de\/de\/wp-json\/wp\/v2\/pages\/492\" class=\"qtranxs-available-language-link qtranxs-available-language-link-de\" title=\"Deutsch\">German<\/a>. For the sake of viewer convenience, the content is shown below in the alternative language. You may click the link to switch the active language.<\/p><p><img decoding=\"async\" loading=\"lazy\" class=\"aligncenter size-full wp-image-122\" src=\"http:\/\/conzil.de\/wp-content\/uploads\/2014\/03\/Messe_u_Kongress_Unterseite.jpg\" alt=\"Messen und Kongresse\" width=\"2356\" height=\"1045\" srcset=\"https:\/\/conzil.de\/wp-content\/uploads\/2014\/03\/Messe_u_Kongress_Unterseite.jpg 2356w, https:\/\/conzil.de\/wp-content\/uploads\/2014\/03\/Messe_u_Kongress_Unterseite-300x133.jpg 300w, https:\/\/conzil.de\/wp-content\/uploads\/2014\/03\/Messe_u_Kongress_Unterseite-1024x454.jpg 1024w\" sizes=\"(max-width: 2356px) 100vw, 2356px\" \/><\/p>\n<p>&nbsp;<\/p>\n<p>Messeauftritte sind ein wichtiger strategischer Bereich des Firmenmarketings und der Absatzf\u00f6rderung.&nbsp;Als Aussteller und&nbsp;Besucher einer Messe oder eines Kongresses bedarf es eines&nbsp;gro\u00dfen Organisationsaufwandes. Durch unsere professionelle und zeitsparende Unterst\u00fctzung konzentrieren Sie sich vollst\u00e4ndig auf Ihren Messeauftritt.<\/p>\n<p>&nbsp;<\/p>\n<p><strong>Service:<\/strong><\/p>\n<ul class=\"bullet_arrow imglist\">\n<li>Individuelle Angebote zu allen f\u00fchrenden Messen<\/li>\n<li>Recherche und Einkauf aller Reiseleistungen&nbsp;(Hotel\/Flug\/Bahn\/Bus)<\/li>\n<li>Teilnehmermanagement nach modernsten Standards<\/li>\n<li>Rahmenprogramme<\/li>\n<\/ul>\n<p>&nbsp;<\/p>\n<h2 class=\"page-heading\">Sie sind auf der Suche nach Hotelzimmern zu Messen &amp; Kongressen? Sprechen Sie uns an!<\/h2>\n<p>Wir freuen uns auf Ihre Anfragen (ab 5 Personen), um Ihnen ein Angebot unterbreiten zu k\u00f6nnen. Kontingente werden individuell nach Ihrem Bedarf von uns angefragt.&nbsp;<\/p>\n<p>Kontaktieren Sie uns &#8211; wir freuen uns auf Ihre Anfrage und stehen Ihnen telefonisch\/per Email zur Verf\u00fcgung.<\/p>\n<p><span style=\"color: #005a9a;\"><i class=\"wp-svg-phone phone\"><\/i> <strong style=\"line-height: 1.5;\">+49 (0)40 22 659 300&nbsp; |&nbsp; <\/strong><\/span><span style=\"color: #005a9a;\"><i class=\"wp-svg-envelop envelop\"><\/i> <strong style=\"line-height: 1.5;\"><a style=\"color: #005a9a;\" href=\"mailto:elbe@conzil.de\" target=\"_blank\" rel=\"noopener noreferrer\">elbe@conzil.de<\/a><\/strong><\/span><\/p>","protected":false},"excerpt":{"rendered":"<p>Sorry, this entry is only available in German. For the sake of viewer convenience, the content is shown below in [&hellip;]<\/p>\n","protected":false},"author":1,"featured_media":0,"parent":0,"menu_order":0,"comment_status":"closed","ping_status":"closed","template":"","meta":{"ngg_post_thumbnail":0},"aioseo_notices":[],"_links":{"self":[{"href":"https:\/\/conzil.de\/en\/wp-json\/wp\/v2\/pages\/492"}],"collection":[{"href":"https:\/\/conzil.de\/en\/wp-json\/wp\/v2\/pages"}],"about":[{"href":"https:\/\/conzil.de\/en\/wp-json\/wp\/v2\/types\/page"}],"author":[{"embeddable":true,"href":"https:\/\/conzil.de\/en\/wp-json\/wp\/v2\/users\/1"}],"replies":[{"embeddable":true,"href":"https:\/\/conzil.de\/en\/wp-json\/wp\/v2\/comments?post=492"}],"version-history":[{"count":0,"href":"https:\/\/conzil.de\/en\/wp-json\/wp\/v2\/pages\/492\/revisions"}],"wp:attachment":[{"href":"https:\/\/conzil.de\/en\/wp-json\/wp\/v2\/media?parent=492"}],"curies":[{"name":"wp","href":"https:\/\/api.w.org\/{rel}","templated":true}]}}