{"id":1767,"date":"2025-12-05T12:50:23","date_gmt":"2025-12-05T11:50:23","guid":{"rendered":"https:\/\/conzil.de\/?page_id=1767"},"modified":"2026-03-06T17:01:59","modified_gmt":"2026-03-06T16:01:59","slug":"mnwe-2026","status":"publish","type":"page","link":"https:\/\/conzil.de\/en\/mnwe-2026\/","title":{"rendered":"MICE NETWORKING EVENT 2026 | 11. Juni 2026 | Hamburg"},"content":{"rendered":"<p class=\"qtranxs-available-languages-message qtranxs-available-languages-message-en\">Sorry, this entry is only available in <a href=\"https:\/\/conzil.de\/de\/wp-json\/wp\/v2\/pages\/1767\" class=\"qtranxs-available-language-link qtranxs-available-language-link-de\" title=\"Deutsch\">German<\/a>. For the sake of viewer convenience, the content is shown below in the alternative language. You may click the link to switch the active language.<\/p><p>&nbsp;<img decoding=\"async\" class=\"img-frame \" src=\"https:\/\/conzil.de\/wp-content\/uploads\/2025\/12\/Header_HH_MNWE-2026.jpg\"><\/p>\n<h2>&nbsp;<\/h2>\n<h3><strong>Liebe Event- und VeranstaltungsplanerInnen,<\/strong><\/h3>\n<p>am<strong> 11. Juni 2026 <\/strong>ist es soweit; der&nbsp;<strong>MICE Networking Event 2026<\/strong>, die gr\u00f6\u00dfte Netzwerkveranstaltung der MICE-Branche (<strong>M<\/strong>eetings, <strong>I<\/strong>ncentives, <strong>C<\/strong>onventions und <strong>E<\/strong>vents) im norddeutschen Raum, findet in&nbsp; Hamburg statt! Nach mehreren erfolgreichen Veranstaltungen, freuen wir uns sehr auch 2026 Planer:innen aus Firmen, Agenturen und Verb\u00e4nden mit Anbietern der Branche zusammenzubringen.<\/p>\n<p>Alle Eventeink\u00e4ufer:innen werden herzlich eingeladen am 11. Juni 2026 dabei zu sein. Die Teilnahme ist kostenfrei.<\/p>\n<p>In entspannter Atmosph\u00e4re, bei Musik und guten Gespr\u00e4chen pr\u00e4sentieren unterschiedliche Aussteller der MICE-Welt (Hotels, Locations, Dienstleister, etc.) ihre Neuigkeiten.<\/p>\n<p>F\u00fcr das leibliche Wohl wird ebenfalls gesorgt sein.&nbsp;<\/p>\n<p>Aktuell befinden wir uns in der Planung der Veranstaltung. Informationen zum Event werden hier regelm\u00e4\u00dfig aktualisiert.<\/p>\n<p>&nbsp;<\/p>\n<h4><strong><i class=\"wp-svg-search-2 search-2\"><\/i> Was:<\/strong> MICE NETWORKING EVENT 2026<strong><br \/>\n<\/strong><\/h4>\n<h4><strong><i class=\"wp-svg-calendar calendar\"><\/i> Wann:<\/strong> Donnerstag, 11. Juni 2026<\/h4>\n<h5><i class=\"wp-svg-users users\"><\/i> 15:00 &#8211; 18:00 Uhr: Vortr\u00e4ge und MICE-Ausstellung (Einlass ab 14:30 Uhr)<\/h5>\n<p>Bereits am Nachmittag finden Vortr\u00e4ge f\u00fcr interessierte BesucherInnen statt, zu denen sich die Teilnehmenden bereits mit der Registrierung anmelden.<br \/>\nInformationen zu Vortr\u00e4gen\/Speakern folgen. Auch die Ausstellung ist zu diesem Zeitpunkt bereits ge\u00f6ffnet.&nbsp;<\/p>\n<p>&nbsp;<\/p>\n<h5><i class=\"wp-svg-bubbles bubbles\"><\/i> 18:00 &#8211; 21:30 Uhr Netzwerkabend und MICE-Ausstellung<\/h5>\n<p>Ab 18:00 Uhr geht der informative Nachmittag automatisch in den bekannten Netzwerkabend \u00fcber. Wir freuen uns auf gute Gespr\u00e4che.<\/p>\n<p>Informationen zu Zeiten, Programm sowie dem Ablauf folgen und werden hier regelm\u00e4\u00dfig erg\u00e4nzt.<\/p>\n<p>&nbsp;<\/p>\n<h4><strong><i class=\"wp-svg-location-2 location-2\"><\/i> Wo:<\/strong> Panoramadeck (23. Etage im EMPORIO Hamburg, Dammtorwall 15, 20355 Hamburg)<\/h4>\n<p><img decoding=\"async\" loading=\"lazy\" class=\"img-frame \" src=\"https:\/\/conzil.de\/wp-content\/uploads\/2026\/02\/Eventlocations_Panoramadeck_Tag_Logenplatz\u00a9NORD-EVENT-GmbH.jpg\" width=\"579\" height=\"274\"><img decoding=\"async\" loading=\"lazy\" class=\"img-frame \" src=\"https:\/\/conzil.de\/wp-content\/uploads\/2026\/02\/Eventlocations_Panoramadeck_Sommerfest_Aussichtsreich\u00a9NORD-EVENT-GmbH.jpg\" width=\"579\" height=\"274\"><br \/>\n\u00a9NORD-EVENT-GmbH<\/p>\n<h2><strong>Anmeldung (noch nicht ge\u00f6ffnet):<\/strong><\/h2>\n<p>Gemeinsam mit unseren Partnern und unterschiedlichen Ausstellern der MICE-Welt freuen wir uns auf einen informativen und entspannten Netzwerkabend mit Ihnen.<br \/>\nTreffen Sie neue oder bereits bekannte AnsprechparnterInnen und lassen Sie sich in ungezwungener Atmosph\u00e4re f\u00fcr Veranstaltungs- und Eventm\u00f6glichkeiten begeistern.<\/p>\n<p>Als Eink\u00e4uferin\/Eink\u00e4ufer von Veranstaltungsdienstleistungen ist die Teilnahme f\u00fcr Sie selbstverst\u00e4ndlich kostenfrei. Sehr gern d\u00fcrfen Sie auch eine Begleitung, die ebenfalls Veranstaltungen plant, mit&nbsp; anmelden.<\/p>\n<p>Lust dabei zu sein? Dann merken Sie sich den Termin direkt im Kalender vor. Sobald die Einladung ge\u00f6ffnet ist, k\u00f6nnen Sie sich \u00fcber diese Seite anmelden.<\/p>\n<p>&nbsp;<\/p>\n<h2><strong>Aussteller und Partner<\/strong><\/h2>\n<p>(Wir befinden uns in der Planung der Veranstaltung. Informationen zur Veranstaltung werden hier regelm\u00e4\u00dfig aktualisiert und erg\u00e4nzt.)<\/p>\n<p><span style=\"text-decoration: underline;\">Folgende AusstellerInnen freuen sich am 11.06.2026 auf Sie:<\/span><\/p>\n<div class=\"cols-wrapper cols-2\">\n<div class=\"col\">\n<ul>\n<li><strong>Arabella Hospitality SE<\/strong><\/li>\n<li><strong>Bilderberg Bellevue Hotel Dresden<\/strong><\/li>\n<li><strong>Borealis Hotel Group<\/strong><\/li>\n<li><strong>CONZIL Veranstaltungsagentur<\/strong><\/li>\n<li><strong>CURIO-HAUS a spaces location<\/strong><\/li>\n<li><strong>Design Offices GmbH<\/strong><\/li>\n<li><strong>east Hotel Hamburg<\/strong><\/li>\n<li><strong>Empire Riverside Hotel<\/strong><\/li>\n<li><strong>Five E Group | Fleesensee Hotelbetriebsgesellschaft m.b.H.<\/strong><\/li>\n<li><strong>Gastwerk Hotel Hamburg<\/strong><\/li>\n<li><strong>GenoHotels<\/strong><\/li>\n<li><strong>GINN Hotels Hamburg Elbspeicher<\/strong><\/li>\n<li><strong>Grand Elys\u00e9e Hamburg<\/strong><\/li>\n<li><strong>Hessen Tourismus<\/strong><\/li>\n<li><strong>Hockenheimring Baden-W\u00fcrttemberg<\/strong><\/li>\n<li><strong>Holiday Inn Berlin Airport &#8211; Conference Centre<\/strong><\/li>\n<li><strong>Hotel Gut Immenhof<\/strong><\/li>\n<li><strong>Hotel Hafen Hamburg<\/strong><\/li>\n<li><strong>Hotel Taschenbergpalais Kempinski Dresden<\/strong><\/li>\n<\/ul>\n<\/div>\n<div class=\"col nomargin\">\n<ul>\n<li><strong>Kassel Convention Bureau<\/strong><\/li>\n<li><strong>Kleinhuis&#8217; Hotels &amp; Restaurant<\/strong><\/li>\n<li><strong>Leonardo Hotels Central Europe<\/strong><\/li>\n<li><strong>Lindner Hotels<\/strong><\/li>\n<li><strong>Minor Hotels<\/strong><\/li>\n<li><strong>NORD EVENT<\/strong><\/li>\n<li><strong>Panorama Hotels Hamburg<\/strong><\/li>\n<li><strong>PIERDREI Hamburg<\/strong><\/li>\n<li><strong>Polario by PLAZZ AG<\/strong><\/li>\n<li><strong>Radisson Hotel Group<\/strong><\/li>\n<li><strong>satis&amp;fy AG<\/strong><\/li>\n<li><strong>Sly Berlin<\/strong><\/li>\n<li><strong>Sylt Marketing GmbH<\/strong><\/li>\n<li><strong>The George &#8211; Hotel Hamburg<\/strong><\/li>\n<li><strong>The Westin Hamburg Elbphilharmonie<\/strong><\/li>\n<li><strong>Top 250 Germany<\/strong><\/li>\n<li><strong>Treudelberg Resort Hamburg<\/strong><\/li>\n<li><strong>Villa Vita, Marburg<\/strong><\/li>\n<\/ul>\n<\/div>\n<\/div>\n<p>&nbsp;<\/p>\n<h2><strong>Informationen zum Ablauf | 11. Juni 2026:<\/strong><\/h2>\n<p><em>(Wir befinden uns in der Planung der Veranstaltung. Informationen zur Veranstaltung werden hier regelm\u00e4\u00dfig aktualisiert und erg\u00e4nzt.)<\/em><\/p>\n<p><span style=\"text-decoration: underline;\"><strong>Vortr\u00e4ge und MICE-Ausstellung 15:00 &#8211; 18:00 Uhr (Einlass ab 14:30 Uhr)<\/strong><\/span><\/p>\n<p>Bereits am Nachmittag finden Vortr\u00e4ge f\u00fcr interessierte BesucherInnen statt, zu denen sich die Teilnehmenden bereits mit der Registrierung anmelden.<br \/>\nInformationen zu Vortr\u00e4gen\/Speakern folgen. Auch die Ausstellung ist zu diesem Zeitpunkt bereits ge\u00f6ffnet.&nbsp;<\/p>\n<p>&nbsp;<\/p>\n<p><span style=\"text-decoration: underline;\"><strong>MICE NETWORKING EVENT 2026 (18:00 &#8211; 21:30 Uhr):<\/strong><\/span><\/p>\n<p>Ab 18:00 Uhr geht der informative Nachmittag automatisch in den bekannten Netzwerkabend\/MICE NETWORKINGE EVENT \u00fcber.<\/p>\n<p>Unterschiedliche Aussteller werden an diesem Abend vor Ort sein, um den G\u00e4sten in entspannter Atmosph\u00e4re ihre MICE-Neuigkeiten zu pr\u00e4sentieren.<\/p>\n<p>Die Veranstaltung und das Programm sind derzeit in Planung und werden hier regelm\u00e4\u00dfig aktualisiert.<\/p>\n<p>&nbsp;<\/p>\n<p>Sie kommen aus der Branche, buchen Veranstaltungen und sind interessiert am MICE NETWORKING EVENT teilzunehmen? Das freut uns!<\/p>\n<p>Sobald die Teilnehmeranmeldung ge\u00f6ffnet ist, k\u00f6nnen Sie sich gern direkt \u00fcber diese Seite zur Veranstaltung anmelden. Die Teilnahme ist f\u00fcr Eventplaner:innen kostenfrei.<\/p>\n<p>Bei Fragen zur Veranstaltung stehen wir Ihnen selbstverst\u00e4ndlich zur Verf\u00fcgung<\/p>\n<p><strong><i class=\"wp-svg-phone phone\"><\/i> 040 22659300 | <i class=\"wp-svg-envelop envelop\"><\/i> mnwe[at]conzil.de<\/strong><\/p>\n<p>&nbsp;<\/p>\n<h2><strong>Veranstaltungsort und Anfahrt<\/strong><\/h2>\n<h3>Panoramadeck:<\/h3>\n<p>Das Panoramadeck liegt im 23. Stock des EMPORIO und ist somit einer der h\u00f6chstgelegenen Eventlocations der Stadt.<\/p>\n<p>Sie bietet mit bodentiefen Fenstern einen spektakul\u00e4ren 360\u00b0-Blick \u00fcber Hamburg, und schafft eine Atmosph\u00e4re, die inspiriert und verbindet.<\/p>\n<p>&nbsp;<\/p>\n<h3>Adresse:<\/h3>\n<p>NORD EVENT Panoramadeck<br \/>\nIm EMPORIO Hamburg<br \/>\nDammtorwall 15 | 20355 Hamburg<\/p>\n<p>&nbsp;<\/p>\n<h3>Anreise zum Panoramadeck:<\/h3>\n<p><span style=\"text-decoration: underline;\">Anfahrt mit dem eigenen PKW:<\/span><br \/>\nParkm\u00f6glichkeiten gibt es im nahe gelegenen Parkhaus \u201eG\u00e4nsemarkt\u201c am Dammtorwall oder in dem Parkhaus am Hotel Marriott in der ABC-Stra\u00dfe.<\/p>\n<p>Diese sind kostenpflichtig. Wir empfehlen eine Anreise mit dem \u00d6PNV.<\/p>\n<p>&nbsp;<\/p>\n<p><span style=\"text-decoration: underline;\">Anreise mit \u00f6ffentlichen Verkehrsmitteln:<\/span><br \/>\nDie An- und Abfahrt mit \u00d6PNV gestaltet sich einfach und unkompliziert:<\/p>\n<p><strong>U-Bahn Station G\u00e4nsemarkt<\/strong><br \/>\nLinie U2 | Distanz: 500 Meter (7 Min) | Takt: Alle 5 Minuten<\/p>\n<p>&nbsp;<\/p>\n<p><strong>U-Bahn Station Stephansplatz<\/strong><br \/>\nLinie U1 | Distanz: 600 Meter (8 Min) | Takt: Alle 5 Minuten<\/p>\n<p>&nbsp;<\/p>\n<p><strong>S-Bahn Station Hamburg Dammtor<\/strong><br \/>\nLinie S2, S21, S31 | Distanz: 850 Meter | Takt: alle 10 Minuten<\/p>\n<p>(Informationen werden hier regelm\u00e4\u00dfig aktualisiert)<\/p>","protected":false},"excerpt":{"rendered":"<p>Sorry, this entry is only available in German. For the sake of viewer convenience, the content is shown below in [&hellip;]<\/p>\n","protected":false},"author":1,"featured_media":0,"parent":0,"menu_order":0,"comment_status":"closed","ping_status":"closed","template":"","meta":{"ngg_post_thumbnail":0},"aioseo_notices":[],"_links":{"self":[{"href":"https:\/\/conzil.de\/en\/wp-json\/wp\/v2\/pages\/1767"}],"collection":[{"href":"https:\/\/conzil.de\/en\/wp-json\/wp\/v2\/pages"}],"about":[{"href":"https:\/\/conzil.de\/en\/wp-json\/wp\/v2\/types\/page"}],"author":[{"embeddable":true,"href":"https:\/\/conzil.de\/en\/wp-json\/wp\/v2\/users\/1"}],"replies":[{"embeddable":true,"href":"https:\/\/conzil.de\/en\/wp-json\/wp\/v2\/comments?post=1767"}],"version-history":[{"count":16,"href":"https:\/\/conzil.de\/en\/wp-json\/wp\/v2\/pages\/1767\/revisions"}],"predecessor-version":[{"id":1788,"href":"https:\/\/conzil.de\/en\/wp-json\/wp\/v2\/pages\/1767\/revisions\/1788"}],"wp:attachment":[{"href":"https:\/\/conzil.de\/en\/wp-json\/wp\/v2\/media?parent=1767"}],"curies":[{"name":"wp","href":"https:\/\/api.w.org\/{rel}","templated":true}]}}