{"id":1571,"date":"2022-11-24T12:41:51","date_gmt":"2022-11-24T11:41:51","guid":{"rendered":"https:\/\/conzil.de\/?page_id=1571"},"modified":"2022-11-24T12:41:51","modified_gmt":"2022-11-24T11:41:51","slug":"tms-datenschutz","status":"publish","type":"page","link":"https:\/\/conzil.de\/en\/tms-datenschutz\/","title":{"rendered":"Datenschutzerkl\u00e4rung"},"content":{"rendered":"<p>Im Folgenden erhalten Sie Informationen zur Erhebung und zum Umgang Ihrer personenbezogenen Daten und die Informationen zu den Kontaktdaten des Verantwortlichen. Personenbezogene Daten in diesem Sinne sind solche Daten, mit denen eine Person identifiziert werden kann. Bei der aktuellen Webseite handelt es sich um die Registrierungsseiten f\u00fcr eine Veranstaltung. Verantwortlich f\u00fcr die Erhebung und die Verarbeitung von Daten auf dieser Website ist der jeweilige Veranstalter im Sinne der Datenschutz-Grundverordnung (DSGVO). Im Zweifel wenden Sie sich bitte per E-Mail an <a href=\"mailto:datenschutz@conzil.de\">datenschutz@conzil.de<\/a>.<\/p>\n<p>&nbsp;<\/p>\n<p><strong>Datenerhebung<\/strong><\/p>\n<p>Die CONZIL Veranstaltungs GmbH (im Folgenden CONZIL) ist Betreiber des online Teilnehmermanagementsystems, auf Basis dessen Ihre Registrierung zur Veranstaltung erfolgt. Insofern CONZIL nicht explizit als Veranstalter auftritt ist CONZIL im Sinne des Art. 4 Abs. 8 DSGVO ausschlie\u00dflich Auftragsverarbeiter f\u00fcr den Verantwortlichen im Sinne des Art. 4 Abs. 7 DSGVO der Veranstaltung. Der Verantwortliche im Sinne des Art. 4 Abs. 7 DSGVO ist die nat\u00fcrliche oder juristische Person, Beh\u00f6rde, Einrichtung oder andere Stelle, welche allein oder gemeinsam mit anderen \u00fcber die Zwecke und Mittel der Verarbeitung von personenbezogen Daten entscheidet. CONZIL verarbeitet Ihre personenbezogenen Daten ausschlie\u00dflich im Auftrag f\u00fcr den Verantwortlichen und nutzt die Daten zu keinem Zeitpunkt selber oder zu anderen Zwecken. Im Rahmen der Erf\u00fcllung des Auftrags gew\u00e4hrt CONZIL ausschlie\u00dflich dem Verantwortlichen vollumf\u00e4nglich Zugriff auf die erhobenen und verarbeiteten Daten.<\/p>\n<p><strong><br \/>\nUmfang und Anlass Datenerhebung<\/strong><\/p>\n<p>Die von Ihnen erhobenen, personenbezogenen Daten werden zum Zwecke der Anmeldung und Teilnahme an einer Veranstaltung oder Umfrage erhoben. Aufgrund der Verschiedenartigkeit einzelner Anmeldeprozesse, bestimmt der Verantwortliche jeweils selbst und fallweise den Umfang der zu erhebenden Daten. Im Rahmen einer geschlossenen Vereinbarung zur Auftragsdatenverarbeitung hat CONZIL den Verantwortlichen verpflichtet diesen Umfang im Sinne des Art. 5 DSGVO festzusetzen und zu gew\u00e4hrleisten. Dieser besagt, dass personenbezogene Daten auf rechtm\u00e4\u00dfige Weise und in einer f\u00fcr Sie nachvollziehbaren Weise verarbeitet werden. Ebenso m\u00fcssen diese f\u00fcr festgelegte, eindeutige und legitime Zwecke erhoben werden (\u201eZweckbindung\u201c), d\u00fcrfen in keinem Fall f\u00fcr andere Zwecke genutzt werden und m\u00fcssen dem Zweck angemessen und auf das f\u00fcr die Zwecke der Verarbeitung notwendige Ma\u00df reduziert sein (\u201eDatenminimierung\u201c). Ebenfalls d\u00fcrfen die Daten nur in einer Form gespeichert werden, welche die Identifizierung einer Person nur so lange erm\u00f6glicht, wie es f\u00fcr den Zweck f\u00fcr den Sie verarbeitet wurden erforderlich macht (\u201eSpeicherbegrenzung\u201c). Auch ist eine angemessene Sicherheit der personenbezogenen Daten zu gew\u00e4hrleisten, einschlie\u00dflich dem Schutz vor unbefugter oder unrechtm\u00e4\u00dfiger Verarbeitung und vor unbeabsichtigtem Verlust, Zerst\u00f6rung oder Sch\u00e4digung (\u201eIntegrit\u00e4t und Vertraulichkeit\u201c). Dies ist durch geeignete technische und organisatorische Ma\u00dfnahmen zu gew\u00e4hrleisten. Der Verantwortliche ist Ihnen gegen\u00fcber f\u00fcr die Einhaltung der vorgenannten Punkte verpflichtet und mu\u00df diese Ihnen gegen\u00fcber nachweisen k\u00f6nnen (\u201eRechenschaftspflicht\u201c).<\/p>\n<p>&nbsp;<\/p>\n<p>Bei Besuch der Website werden zudem Browser spezifische Daten erhoben und \u00fcbermittelt (Server-Logfiles). Die Erhebung folgender Daten durch CONZIL erfolgt im Sinne des Art. 6 Abs. 1 f DSGVO sowohl um Ihnen die Webseite korrekt anzeigen zu k\u00f6nnen als auch Ihre Funktionalit\u00e4t und Leistungsf\u00e4higkeit zu verbessern. Titel der Webseite, Datum und Uhrzeit des Zugriffes, Webbrowser, Betriebssystem, IP-Adresse (ggf.: in anonymisierter Form), Quelle\/Verweis, von welchem Sie auf die Seite gelangten. Diese Browser spezifischen Daten werden weder durch uns weitergegeben noch zu anderen Zwecken als der Seitenoptimierung verwendet.<\/p>\n<p><strong><br \/>\nCookies<\/strong><\/p>\n<p>Zur Steigerung der Attraktivit\u00e4t der Webseite(n) und der Bereitstellung verschiedener Funktionen, werden sogenannte Cookies verwendet. Cookies sind Textdateien, welche auf Ihrem Ger\u00e4t abgelegt werden. Einige der verwendeten Cookies werden mit dem Schlie\u00dfen Ihres Browsers gel\u00f6scht. Andere Cookies bleiben auf Ihrem Ger\u00e4t und erm\u00f6glichen, Ihren Browser im Falle eines sp\u00e4teren Besuches wiederzuerkennen (persistente Cookies). Gesetzte Cookies erheben und nutzen bestimmte Nutzerinformationen wie IP-Adressen, Browser- und Standortdaten. Persistente Cookies werden automatisiert nach einer vorgegebenen Dauer gel\u00f6scht. Diese Dauer kann nach Art des Cookies unterschiedlich sein. F\u00fcr den Fall, da\u00df einzelne implementierte Cookies auch personenbezogene Daten verarbeiten, erfolgt die Verarbeitung im Sinne des Art. 6 Abs. 1 f DSGVO zur Wahrung unserer Interessen an der bestm\u00f6glichen Funktionalit\u00e4t der Website sowie einer bedienerfreundlichen und sinnvollen Funktionsweise unseres Netzangebotes. Sie haben die M\u00f6glichkeit Ihren Browser in der Art zu konfigurieren, da\u00df er Sie \u00fcber das Setzen von Cookies informiert und Sie fallweise \u00fcber eine Annahme entscheiden oder die Annahme von Cookies in einzelnen F\u00e4llen oder grunds\u00e4tzlich ablehnen k\u00f6nnen. Durch die Nichtannahme von Cookies kann die Funktionalit\u00e4t von Webseiten eingeschr\u00e4nkt sein. Die Beschreibung der Konfigurationseinstellungen finden Sie jeweils im Hilfemen\u00fc Ihres genutzten Browsers.<\/p>\n<p><strong>Registrierung<\/strong><\/p>\n<p>Im Rahmen der Anmeldung und Registrierung zu einer Veranstaltung werden personenbezogene Daten von Ihnen erhoben. Rechtsgrundlage f\u00fcr die Verarbeitung der Daten ist Ihre erteilte Einwilligung in die Erhebung und Speicherung gem\u00e4\u00df Art. 6 Abs. 1 a), b) und das berechtigte Interesse des Verantwortlichen an der Erzeugung eines Teilnehmerdatensatzes gem\u00e4\u00df Art. 6 Abs. 1 f DSGVO zur Durchf\u00fchrung der Veranstaltung bzw. Umfrage. Da die Anmeldung zu einer Veranstaltung zudem kostenpflichtig sein kann, ist Art. 6 Abs. 1 b) DSGVO ebenfalls m\u00f6gliche Rechtsgrundlage f\u00fcr die Erhebung und Verarbeitung Ihrer personenbezogenen Daten.<\/p>\n<p>&nbsp;<\/p>\n<p><strong>Rechte des Betroffenen<\/strong><\/p>\n<p>Die Datenschutz-Grundverordnung (DSGVO) gew\u00e4hrt Ihnen gegen\u00fcber dem Verantwortlichen hinsichtlich der Verarbeitung Ihrer personenbezogenen Daten umfassende Betroffenenrechte (Auskunfts- und Interventionsrechte), \u00fcber die wir Sie im Folgenden aufkl\u00e4ren m\u00f6chten:<\/p>\n<p>&nbsp;<\/p>\n<p><u>Auskunftsrecht (Art. 15 DSGVO)<\/u><\/p>\n<p>Sie haben ein Recht auf Auskunft \u00fcber Ihre verarbeiteten personenbezogenen Daten, die Verarbeitungszwecke, die Kategorien der verarbeiteten personenbezogenen Daten, die Empf\u00e4nger oder Kategorien von Empf\u00e4ngern, gegen\u00fcber denen Daten offengelegt worden sind oder noch werden, insbesondere bei Empf\u00e4ngern in Drittl\u00e4ndern oder bei internationalen Organisationen, die geplante Speicherdauer bzw. die Kriterien f\u00fcr die Festlegung der Speicherdauer, das Bestehen eines Rechts auf Berichtigung oder L\u00f6schung, Einschr\u00e4nkung der Verarbeitung durch uns, Widerspruch gegen die Verarbeitung, Beschwerde bei einer Aufsichtsbeh\u00f6rde, die Herkunft Ihrer Daten, wenn diese nicht durch den Verantwortlichen bei Ihnen erhoben wurden, das Bestehen einer automatisierten Entscheidungsfindung einschlie\u00dflich Profiling und ggf. aussagekr\u00e4ftige Informationen \u00fcber die involvierte Logik und die Sie betreffende Tragweite und die angestrebten Auswirkungen einer solchen Verarbeitung f\u00fcr Sie. Sie haben ebenfalls das Recht auf Unterrichtung \u00fcber Garantien gem\u00e4\u00df Art. 46 DSGVO bei Weiterleitung Ihrer Daten in Drittl\u00e4nder.<\/p>\n<p>&nbsp;<\/p>\n<p><u>Recht auf Berichtigung (Art. 16 DSGVO)<\/u><\/p>\n<p>Sie haben das Recht auf unverz\u00fcgliche Berichtigung Sie betreffender unrichtiger Daten und\/oder Vervollst\u00e4ndigung Ihrer gespeicherten unvollst\u00e4ndigen Daten. Recht auf L\u00f6schung \/ \u201eRecht auf Vergessenwerden\u201c (Art. 17 DSGVO) Sie haben das Recht, die unverz\u00fcgliche L\u00f6schung Ihrer personenbezogenen Daten nach Ma\u00dfgabe des Art. 17 Abs. 1 DSGVO zu verlangen. Dieses Recht besteht jedoch nicht, wenn Gr\u00fcnde nach Art 17 Abs. 3 DSGVO vorliegen.<\/p>\n<p>&nbsp;<\/p>\n<p><u>Recht auf Einschr\u00e4nkung der Verarbeitung (Art. 18 DSGVO)<\/u><\/p>\n<p>Sie haben das Recht bei Vorliegen der nachfolgenden Voraussetzungen die Einschr\u00e4nkung der Verarbeitung zu verlangen. Sie bestreiten die Richtigkeit Ihrer personenbezogenen Daten, die Verarbeitung Ihrer Daten ist unrechtm\u00e4\u00dfig und Sie lehnen deren L\u00f6schung ab und verlangen die Einschr\u00e4nkung der Nutzung, der Verantwortliche die Daten zur Verarbeitung f\u00fcr o.g. Zwecke nicht l\u00e4nger ben\u00f6tigt; Sie diese jedoch zur Geltendmachung, Aus\u00fcbung oder Verteidigung von Rechtsanspr\u00fcchen ben\u00f6tigen oder Sie Widerspruch gegen die Verarbeitung gem\u00e4\u00df Art. 21 Abs. 1 DSGVO eingelegt haben, solange noch nicht feststeht, ob die berechtigten Gr\u00fcnde des Verantwortlichen gegen\u00fcber Ihren \u00fcberwiegen.<\/p>\n<p>&nbsp;<\/p>\n<p><u>Mitteilungspflicht im Zusammenhang mit der Berichtigung, L\u00f6schung, Einschr\u00e4nkung der Verarbeitung (Art. 19 DSGVO)<\/u><\/p>\n<p>Haben Sie die L\u00f6schung, Berichtigung oder Einschr\u00e4nkung der Verarbeitung Ihrer personenbezogenen Daten nach Art. 16, Art. 17 Abs.1 und Art. 18 DSGVO gegen\u00fcber dem Verantwortlichen geltend gemacht, so teilt der Verantwortliche dies CONZIL und allen Empf\u00e4ngern Ihrer Daten mit, es sei denn dies erweist sich als unm\u00f6glich oder ist mit einem unverh\u00e4ltnism\u00e4\u00dfigen Aufwand verbunden. Der Verantwortliche unterrichtet zudem Sie, wenn Sie dies verlangen.<\/p>\n<p><u>Recht auf Daten\u00fcbertragbarkeit (Art. 20 DSGVO)<\/u><\/p>\n<p>Sie haben das Recht, Ihre personenbezogenen Daten, welche Sie dem Verantwortlichen gegeben haben, in einem strukturierten, g\u00e4ngigen und maschinenlesbaren Format zu erhalten. Sie haben zudem das Recht die \u00dcbermittlung an einen anderen Verantwortlichen zu verlangen, insofern dies technisch darstellbar ist.<\/p>\n<p><u>Recht auf Widerspruch (Art. 21 DSGVO)<\/u><\/p>\n<p>Sie haben das Recht jederzeit gegen die Verarbeitung Sie betreffender personenbezogener Daten, die aufgrund von Art. 6 Abs. 1 e.) und f.) DSGVO erfolgt, Widerspruch mit Wirkung f\u00fcr die Zukunft einzulegen. Ebenso steht Ihnen nach Art. 7 Abs. 3 DSGVO das jederzeitige Recht zu, erteilte Einwilligungen zur Erhebung und Verarbeitung zu widerrufen. Durch den Widerruf der Einwilligung wird die Rechtm\u00e4\u00dfigkeit der aufgrund der Einwilligung bis zum Widerruf erfolgten Verarbeitung nicht ber\u00fchrt. Bei Widerspruch beenden wir die Verarbeitung der betroffenen Daten. Eine Weiterverarbeitung bleibt jedoch vorbehalten, wenn zwingende, schutzw\u00fcrdige Gr\u00fcnde f\u00fcr eine Verarbeitung nachgewiesen werden k\u00f6nnen, welche Ihre Interessen, Grundrechte und Grundfreiheiten \u00fcberwiegen, oder welche zur Geltendmachung, Aus\u00fcbung oder Verteidigung von Rechtsanspr\u00fcchen dienen. Werden Ihre Personenbezogenen Daten vom Verantwortlichen genutzt, um Werbung zu \u00fcbermitteln, haben Sie das Recht, jederzeit Widerspruch gegen die Verarbeitung Ihrer personenbezogenen Daten zum Zwecke von Werbung einzulegen. Im Falle eines Widerspruchs ist die Nutzung Ihrer personenbezogenen Daten zu Werbezwecken umgehend zu beenden.<\/p>\n<p>&nbsp;<\/p>\n<p><u>Recht auf Beschwerde (Art. 77 DSGVO)<\/u><\/p>\n<p>Sollten Sie der Ansicht sein, dass die Verarbeitung Ihrer personenbezogenen Daten gegen die Datenschutz-Grundverordnung verst\u00f6\u00dft, haben Sie, unbeschadet eines anderweitigen verwaltungsrechtlichen oder gerichtlichen Rechtsbehelfs, das Recht auf Beschwerde bei einer Aufsichtsbeh\u00f6rde, insbesondere in dem Mitgliedstaat Ihres Aufenthaltsortes, Ihres Arbeitsplatzes oder des Ortes des mutma\u00dflichen Versto\u00dfes.<\/p>\n<p><strong><br \/>\nDauer der Speicherung personenbezogener Daten<\/strong><\/p>\n<p>Die Dauer der Speicherung richtet sich nach der Notwendigkeit zur Nutzung der personenbezogenen Daten im Rahmen der Verwaltung Ihrer Teilnahme an einzelnen Veranstaltungen bzw. Umfragen. Weiterhin richtet sich die Dauer der Speicherung von personenbezogenen Daten nach den jeweiligen gesetzlichen Aufbewahrungsfristen.<\/p>\n<p><strong><br \/>\nGoogle Analytics<\/strong><\/p>\n<p>Dieses Angebot benutzt Google Analytics, einen Webanalysedienst der Google Inc. (\u201eGoogle\u201c). Google Analytics verwendet sog. \u201eCookies\u201c, Textdateien, die auf Computer der Nutzer gespeichert werden und die eine Analyse der Benutzung der Website durch sie erm\u00f6glichen. Die durch einen Cookie erzeugten Informationen \u00fcber Benutzung dieser Website durch die Nutzer werden in der Regel an einen Server von Google in den USA \u00fcbertragen und dort gespeichert.<\/p>\n<p>Im Falle der Aktivierung der IP-Anonymisierung auf dieser Webseite, wird die IP-Adresse der Nutzer von Google jedoch innerhalb von Mitgliedstaaten der Europ\u00e4ischen Union oder in anderen Vertragsstaaten des Abkommens \u00fcber den Europ\u00e4ischen Wirtschaftsraum zuvor gek\u00fcrzt. Nur in Ausnahmef\u00e4llen wird die volle IP-Adresse an einen Server von Google in den USA \u00fcbertragen und dort gek\u00fcrzt. Die IP-Anonymisierung ist auf dieser Website aktiv. Im Auftrag des Betreibers dieser Website wird Google diese Informationen benutzen, um die Nutzung der Website durch die Nutzer auszuwerten, um Reports \u00fcber die Websiteaktivit\u00e4ten zusammenzustellen und um weitere mit der Websitenutzung und der Internetnutzung verbundene Dienstleistungen gegen\u00fcber dem Websitebetreiber zu erbringen.<\/p>\n<p>Die im Rahmen von Google Analytics von Ihrem Browser \u00fcbermittelte IP-Adresse wird nicht mit anderen Daten von Google zusammengef\u00fchrt. Die Nutzer k\u00f6nnen die Speicherung der Cookies durch eine entsprechende Einstellung Ihrer Browser-Software verhindern. Dieses Angebot weist die Nutzer jedoch darauf hin, dass Sie in diesem Fall gegebenenfalls nicht s\u00e4mtliche Funktionen dieser Website vollumf\u00e4nglich werden nutzen k\u00f6nnen. Die Nutzer k\u00f6nnen dar\u00fcber hinaus die Erfassung der durch das Cookie erzeugten und auf ihre Nutzung der Website bezogenen Daten (inkl. Ihrer IP-Adresse) an Google sowie die Verarbeitung dieser Daten durch Google verhindern, indem sie das unter dem folgenden Link verf\u00fcgbare Browser-Plugin herunterladen und installieren: <a href=\"http:\/\/tools.google.com\/dlpage\/gaoptout?hl=de\">http:\/\/tools.google.com\/dlpage\/gaoptout?hl=de<\/a>.<\/p>\n<p>&nbsp;<\/p>\n<p>Weitere Informationen zur Datennutzung zu Werbezwecken durch Google, Einstellungs- und Widerspruchsm\u00f6glichkeiten erfahren Sie auf den Webseiten von Google: <a href=\"https:\/\/www.google.com\/intl\/de\/policies\/privacy\/partners\/\">https:\/\/www.google.com\/intl\/de\/policies\/privacy\/partners\/<\/a> (\u201eDatennutzung durch Google bei Ihrer Nutzung von Websites oder Apps unserer Partner\u201c), <a href=\"http:\/\/www.google.com\/policies\/technologies\/ads\">http:\/\/www.google.com\/policies\/technologies\/ads<\/a> (\u201eDatennutzung zu Werbezwecken\u201c), <a href=\"http:\/\/www.google.de\/settings\/ads\">http:\/\/www.google.de\/settings\/ads<\/a> (\u201eInformationen verwalten, die Google verwendet, um Ihnen Werbung einzublenden\u201c) und <a href=\"http:\/\/www.google.com\/ads\/preferences\/\">http:\/\/www.google.com\/ads\/preferences\/<\/a> (\u201eBestimmen Sie, welche Werbung Google Ihnen zeigt\u201c).<\/p>\n<p>Alternativ zum Browser-Add-On oder innerhalb von Browsern auf mobilen Ger\u00e4ten, klicken Sie bitte auf folgenden Link, um die Erfassung durch Google Analytics innerhalb dieser Website zuk\u00fcnftig zu verhindern. Dabei wird ein Opt-Out-Cookie auf Ihrem Ger\u00e4t abgelegt. L\u00f6schen Sie Ihre Cookies, m\u00fcssen Sie diesen Link erneut klicken.<\/p>\n<p>[google_analytics_optout]Google Analytics deaktivieren[\/google_analytics_optout]<\/p>\n<p>&nbsp;<\/p>\n<p>Hamburg, Mai 2018<\/p>\n<p>&nbsp;<\/p>\n<p><strong>\u00c4nderungen der Datenschutzrichtlinie<\/strong><\/p>\n<p>Wir behalten uns das Recht vor, unsere Datenschutzpraktiken und diese Richtlinie abzu\u00e4ndern, um Sie gegebenenfalls an \u00c4nderungen relevanter Gesetze bzw. Vorschriften anzupassen oder Ihren Bed\u00fcrfnissen besser gerecht zu werden. M\u00f6gliche \u00c4nderungen unserer Datenschutzpraktiken werden entsprechend an dieser Stelle bekannt gegeben. Beachten Sie hierzu bitte das aktuelle Versionsdatum der Datenschutzerkl\u00e4rung.<\/p>","protected":false},"excerpt":{"rendered":"<p>Im Folgenden erhalten Sie Informationen zur Erhebung und zum Umgang Ihrer personenbezogenen Daten und die Informationen zu den Kontaktdaten des [&hellip;]<\/p>\n","protected":false},"author":1,"featured_media":0,"parent":0,"menu_order":0,"comment_status":"closed","ping_status":"closed","template":"","meta":{"ngg_post_thumbnail":0},"aioseo_notices":[],"_links":{"self":[{"href":"https:\/\/conzil.de\/en\/wp-json\/wp\/v2\/pages\/1571"}],"collection":[{"href":"https:\/\/conzil.de\/en\/wp-json\/wp\/v2\/pages"}],"about":[{"href":"https:\/\/conzil.de\/en\/wp-json\/wp\/v2\/types\/page"}],"author":[{"embeddable":true,"href":"https:\/\/conzil.de\/en\/wp-json\/wp\/v2\/users\/1"}],"replies":[{"embeddable":true,"href":"https:\/\/conzil.de\/en\/wp-json\/wp\/v2\/comments?post=1571"}],"version-history":[{"count":1,"href":"https:\/\/conzil.de\/en\/wp-json\/wp\/v2\/pages\/1571\/revisions"}],"predecessor-version":[{"id":1572,"href":"https:\/\/conzil.de\/en\/wp-json\/wp\/v2\/pages\/1571\/revisions\/1572"}],"wp:attachment":[{"href":"https:\/\/conzil.de\/en\/wp-json\/wp\/v2\/media?parent=1571"}],"curies":[{"name":"wp","href":"https:\/\/api.w.org\/{rel}","templated":true}]}}