{"id":1343,"date":"2022-01-25T12:14:50","date_gmt":"2022-01-25T11:14:50","guid":{"rendered":"https:\/\/conzil.de\/?page_id=1343"},"modified":"2022-08-11T19:30:20","modified_gmt":"2022-08-11T17:30:20","slug":"stilwerk-hamburg","status":"publish","type":"page","link":"https:\/\/conzil.de\/en\/stilwerk-hamburg\/","title":{"rendered":"Eventlocation | stilwerk Hamburg"},"content":{"rendered":"<p class=\"qtranxs-available-languages-message qtranxs-available-languages-message-en\">Sorry, this entry is only available in <a href=\"https:\/\/conzil.de\/de\/wp-json\/wp\/v2\/pages\/1343\" class=\"qtranxs-available-language-link qtranxs-available-language-link-de\" title=\"Deutsch\">German<\/a>. For the sake of viewer convenience, the content is shown below in the alternative language. You may click the link to switch the active language.<\/p><p><\/p>\n<h1><img decoding=\"async\" loading=\"lazy\" class=\"alignnone wp-image-1554 \" src=\"https:\/\/conzil.de\/wp-content\/uploads\/2022\/08\/Aussenansicht.png\" alt=\"\" width=\"1270\" height=\"589\" srcset=\"https:\/\/conzil.de\/wp-content\/uploads\/2022\/08\/Aussenansicht.png 1270w, https:\/\/conzil.de\/wp-content\/uploads\/2022\/08\/Aussenansicht-300x139.png 300w, https:\/\/conzil.de\/wp-content\/uploads\/2022\/08\/Aussenansicht-1024x475.png 1024w, https:\/\/conzil.de\/wp-content\/uploads\/2022\/08\/Aussenansicht-768x356.png 768w\" sizes=\"(max-width: 1270px) 100vw, 1270px\" \/><\/h1>\n<h1><strong>Ihre Eventfl\u00e4che im stilwerk Hamburg&nbsp;<br \/>\n<\/strong>Wertvolle Quadratmeter mit Premium-Garantie<\/h1>\n<p>Eine ganz besondere Location ist das Hamburger stilwerk. Es befindet sich in einem der letzten Industriedenkm\u00e4ler der Stadt \u2013 einer ehemaligen Malzfabrik direkt am Fischmarkt, deren Geschichte bereits im 17. Jahrhundert beginnt. Die Au\u00dfenfassade des ikonischen Backsteingeb\u00e4udes von 1907 ist bis heute erhalten.<\/p>\n<p>&nbsp;<\/p>\n<p>Im Inneren wurde sensibel saniert und so harmonieren Alt und Neu in besonderer Weise. Unter einem Dach verbindet sich heute alles zum Thema Einrichtung, Wohndesign und Lifestyle.<br \/>\nAuf 11.000 Quadratmetern sind in mehr als 30 Stores alle Premium-Marken vertreten und das perfekte M\u00f6bel f\u00fcr jeden Raum steht bereit.<\/p>\n<p>&nbsp;<\/p>\n<p>Zus\u00e4tzlich verf\u00fcgt das stilwerk Hamburg \u00fcber sehr sch\u00f6ne Veranstaltungsr\u00e4ume (forum07, Foyer und die Galerie), die exklusiv f\u00fcr Ihre geplante Veranstaltung angemietet werden k\u00f6nnen.<br \/>\nDie wundersch\u00f6ne, denkmalgesch\u00fctzte Location eignet sich hervorragend f\u00fcr Produktpr\u00e4sentationen, Lesungen, Seminare, Meetings, Workshops, Hausmessen, kleine Konzerte oder Ausstellungen. Im folgenden stellen wir Ihnen die R\u00e4umlichkeiten vor und freuen uns auf Ihre Veranstaltungsanfrage.<\/p>\n<p>&nbsp;<\/p>\n<p><img decoding=\"async\" loading=\"lazy\" class=\"alignnone wp-image-1556\" src=\"https:\/\/conzil.de\/wp-content\/uploads\/2022\/08\/Forum-Eventflaeche-7.-Etage.png\" alt=\"\" width=\"1270\" height=\"611\" srcset=\"https:\/\/conzil.de\/wp-content\/uploads\/2022\/08\/Forum-Eventflaeche-7.-Etage.png 1472w, https:\/\/conzil.de\/wp-content\/uploads\/2022\/08\/Forum-Eventflaeche-7.-Etage-300x144.png 300w, https:\/\/conzil.de\/wp-content\/uploads\/2022\/08\/Forum-Eventflaeche-7.-Etage-1024x493.png 1024w, https:\/\/conzil.de\/wp-content\/uploads\/2022\/08\/Forum-Eventflaeche-7.-Etage-768x369.png 768w\" sizes=\"(max-width: 1270px) 100vw, 1270px\" \/><\/p>\n<h1>stilwerk Forum (Eventfl\u00e4che auf der 7.Etage)<\/h1>\n<p>Ein gro\u00dfer, lichtdurchfluteter und multifunktionaler Raum f\u00fcr individuelle Konzepte. Ausstellungen, Veranstaltungen, Tagungen, Dinner uvm.<\/p>\n<p>Komplett in wei\u00df gehalten und mit breiten Fensterfronten versehen, besticht die 220qm gro\u00dfe Fl\u00e4che durch eine stilvolle, puristische Atmosph\u00e4re. Verschiedenste Veranstaltungsformate sind hier m\u00f6glich: Von der Kollektionsvorstellung oder Produktpr\u00e4sentation \u00fcber Pressekonferenzen und Ausstellungen bis hin zum exklusiven Dinner. Dank modernster Technik lassen sich die Glasfronten abdunkeln, sodass auch bei Tag jede Nutzung umsetzbar ist. Optional k\u00f6nnen zus\u00e4tzlich die allgemeinen Verkehrsfl\u00e4chen vom Erdgeschoss bis zum siebten Obergeschoss des Hauses in ihr Veranstaltungskonzept integriert werden.<\/p>\n<p>&nbsp;<\/p>\n<div><a class=\"lightbox-image\" title=\"\" rel=\"lightbox\"><img decoding=\"async\" loading=\"lazy\" class=\"img-frame alignright\" src=\"https:\/\/conzil.de\/wp-content\/uploads\/2022\/08\/Forum-Grundriss-Eventflaeche-7.-Etage.png\" width=\"832\" height=\"465\"><\/a><\/div>\n<p><span style=\"text-decoration: underline;\"><strong>Fakten:<\/strong><\/span><\/p>\n<p><strong>Etage:<\/strong><br \/>\n7.OG<\/p>\n<hr>\n<p><strong>Fl\u00e4che:<\/strong><br \/>\n220 m\u00b2<\/p>\n<hr>\n<p><strong>Kapazit\u00e4t:<\/strong><br \/>\n150 Personen (ohne Bestuhlung)<br \/>\n50 Personen (mit Bestuhlung)<\/p>\n<hr>\n<p><strong>Merkmale:<br \/>\n<\/strong>lichtdurchflutet und gro\u00dfz\u00fcgige Glasfronten<\/p>\n<hr>\n<p><strong>Ausstattung:<\/strong><br \/>\nVerdunklungsanlage, Beamer, Mikrofon, Audio &amp; Flipchart, Bestuhlung &amp; Tische, Stehtische, Garderobenst\u00e4nder<\/p>\n<hr>\n<p><strong>WC:<br \/>\n<\/strong>je ein Herren- und Damen WC<\/p>\n<hr>\n<p><strong>Virtueller Rundgang im Forum:<\/strong><br \/>\nErkunden Sie die sch\u00f6ne Location virtuell selbst<br \/>\n<strong><a href=\"http:\/\/cloud.intensor.net\/stilwerk-hamburg\/?vlon=0.45&amp;vlat=-0.15&amp;fov=100.0&amp;image=2737906900656872\" target=\"_blank\" rel=\"noopener\">hier klicken<\/a><\/strong><\/p>\n<h3>&nbsp;<\/h3>\n<table style=\"border-collapse: collapse; width: 100%;\" border=\"1\">\n<tbody>\n<tr style=\"height: 19px;\">\n<td style=\"width: 22.2222%; text-align: left; height: 19px;\" colspan=\"2\"><strong>Raum: stilwerk Forum (220qm)<\/strong><\/td>\n<td style=\"width: 11.1111%; height: 19px;\">&nbsp;<\/td>\n<td style=\"width: 11.1111%; height: 19px;\">&nbsp;<\/td>\n<td style=\"width: 11.1111%; height: 19px;\">&nbsp;<\/td>\n<td style=\"width: 11.1111%; height: 19px;\">&nbsp;<\/td>\n<td style=\"width: 11.1111%; height: 19px;\">&nbsp;<\/td>\n<td style=\"width: 11.1111%; height: 19px;\">&nbsp;<\/td>\n<\/tr>\n<tr style=\"height: 19px;\">\n<td style=\"width: 11.1111%; text-align: left; height: 19px;\"><strong>Bestuhlungsformen<\/strong><\/td>\n<td style=\"width: 11.1111%; height: 19px; text-align: center;\"><strong>St\u00fchle max.<\/strong><\/td>\n<td style=\"width: 11.1111%; height: 19px; text-align: center;\"><strong>Konferenztische<\/strong><\/td>\n<td style=\"width: 11.1111%; height: 19px; text-align: center;\"><strong>Reihen<\/strong><\/td>\n<td style=\"width: 11.1111%; height: 19px; text-align: center;\"><strong>Parlamentarisch<\/strong><\/td>\n<td style=\"width: 11.1111%; height: 19px; text-align: center;\"><strong>U-Form<\/strong><\/td>\n<td style=\"width: 11.1111%; height: 19px; text-align: center;\"><strong>Tafeln<\/strong><\/td>\n<td style=\"width: 11.1111%; height: 19px; text-align: center;\"><strong>Stehend\/Empfang<\/strong><\/td>\n<\/tr>\n<tr style=\"height: 19px;\">\n<td style=\"width: 11.1111%; text-align: left; height: 19px;\"><strong>Anzahl Personen<\/strong><\/td>\n<td style=\"width: 11.1111%; height: 19px; text-align: center;\">57<\/td>\n<td style=\"width: 11.1111%; height: 19px; text-align: center;\">8-16<\/td>\n<td style=\"width: 11.1111%; height: 19px; text-align: center;\">50<\/td>\n<td style=\"width: 11.1111%; height: 19px; text-align: center;\">16<\/td>\n<td style=\"width: 11.1111%; height: 19px; text-align: center;\">16-20<\/td>\n<td style=\"width: 11.1111%; height: 19px; text-align: center;\">8-32<\/td>\n<td style=\"width: 11.1111%; height: 19px; text-align: center;\">150<\/td>\n<\/tr>\n<\/tbody>\n<\/table>\n<p>&nbsp;<\/p>\n<h1><img decoding=\"async\" loading=\"lazy\" class=\"alignnone size-full wp-image-1560\" src=\"https:\/\/conzil.de\/wp-content\/uploads\/2022\/08\/Eventflaeche-Foyer.png\" alt=\"\" width=\"1265\" height=\"492\" srcset=\"https:\/\/conzil.de\/wp-content\/uploads\/2022\/08\/Eventflaeche-Foyer.png 1265w, https:\/\/conzil.de\/wp-content\/uploads\/2022\/08\/Eventflaeche-Foyer-300x117.png 300w, https:\/\/conzil.de\/wp-content\/uploads\/2022\/08\/Eventflaeche-Foyer-1024x398.png 1024w, https:\/\/conzil.de\/wp-content\/uploads\/2022\/08\/Eventflaeche-Foyer-768x299.png 768w\" sizes=\"(max-width: 1265px) 100vw, 1265px\" \/><\/h1>\n<h1>stilwerk Foyer<\/h1>\n<p>Das lichtdurchflutete Foyer bietet unmittelbare Sichtbarkeit, direkten Kundenkontakt und reichlich Platz f\u00fcr Ihre Ideen. Von der Ausstellung bis zum bestuhlten Event.<\/p>\n<p>&nbsp;<\/p>\n<p>&nbsp;<\/p>\n<p><span style=\"text-decoration: underline;\"><strong>Fakten:<img decoding=\"async\" loading=\"lazy\" class=\" wp-image-1561 alignright\" src=\"https:\/\/conzil.de\/wp-content\/uploads\/2022\/08\/Foyer-Grundriss.png\" alt=\"\" width=\"651\" height=\"357\" srcset=\"https:\/\/conzil.de\/wp-content\/uploads\/2022\/08\/Foyer-Grundriss.png 930w, https:\/\/conzil.de\/wp-content\/uploads\/2022\/08\/Foyer-Grundriss-300x165.png 300w, https:\/\/conzil.de\/wp-content\/uploads\/2022\/08\/Foyer-Grundriss-768x421.png 768w\" sizes=\"(max-width: 651px) 100vw, 651px\" \/><\/strong><\/span><\/p>\n<p><strong>Etage:<\/strong><br \/>\nErdgeschoss<\/p>\n<hr>\n<p><strong>Fl\u00e4che:<\/strong><br \/>\nFl\u00e4che 1: 3m x 4m<br \/>\nFl\u00e4che 2: 4m x 4m<br \/>\nFl\u00e4che 3: 2m x 4m<\/p>\n<hr>\n<p><strong>Merkmale:<br \/>\n<\/strong>offene Fl\u00e4che direkt im stilwerk Erdgeschoss<\/p>\n<hr>\n<p><strong>Ausstattung:<\/strong><br \/>\nBeamer, Mikrofon, Audio &amp; Flipchart, Bestuhlung &amp; Tische, Stehtische, Garderobenst\u00e4nder<\/p>\n<p>&nbsp;<\/p>\n<p>&nbsp;<\/p>\n<p>&nbsp;<\/p>\n<p>&nbsp;<\/p>\n<h1>Preise<\/h1>\n<p>Das stilwerk Forum sowie Foyer stehen Ihnen zu den Haus\u00f6ffnungszeiten gerne zur Verf\u00fcgung. <img decoding=\"async\" loading=\"lazy\" class=\"alignright wp-image-1501\" src=\"https:\/\/conzil.de\/wp-content\/uploads\/2022\/01\/Foyer_03.png\" alt=\"\" width=\"651\" height=\"474\" srcset=\"https:\/\/conzil.de\/wp-content\/uploads\/2022\/01\/Foyer_03.png 1168w, https:\/\/conzil.de\/wp-content\/uploads\/2022\/01\/Foyer_03-300x218.png 300w, https:\/\/conzil.de\/wp-content\/uploads\/2022\/01\/Foyer_03-1024x745.png 1024w, https:\/\/conzil.de\/wp-content\/uploads\/2022\/01\/Foyer_03-768x559.png 768w\" sizes=\"(max-width: 651px) 100vw, 651px\" \/><\/p>\n<hr>\n<p><span style=\"text-decoration: underline;\"><strong>stilwerk Forum<\/strong><\/span><\/p>\n<p><strong>ab EUR 1.500, &#8211; pro Tag<\/strong><\/p>\n<p><strong>ab EUR 900, &#8211; pro Abend<\/strong><\/p>\n<p>&nbsp;<\/p>\n<p><strong>Tagungspauschale halbtags:<\/strong><br \/>\nab EUR 58,50 pro Person (ab 15 Personen, bis 4 Stunden), Servicepersonal auf Anfrage<\/p>\n<p><strong>Tagungspauschale ganztags:<\/strong><br \/>\nab EUR 79,50 pro Person&nbsp;(ab 15 Personen, bis 8 Stunden), Servicepersonal auf Anfrage<\/p>\n<hr>\n<p><span style=\"text-decoration: underline;\"><strong>stilwerk Foyer<\/strong><\/span><\/p>\n<p><strong>ab 2.500 EUR pro Tag<\/strong><\/p>\n<hr>\n<p><span style=\"text-decoration: underline;\"><strong>Haus\u00f6ffnungszeiten:<\/strong><\/span><br \/>\nMo. \u2013 Fr.: 10:00-19:00 Uhr<br \/>\nSa.: 10:00-18:00 Uhr<\/p>\n<p>Eine Verl\u00e4ngerungen der Haus\u00f6ffnungszeiten ist durch einen externen Sicherheitsdienst &#8211; auf Anfrage &#8211; m\u00f6glich.<\/p>\n<p><em>Alle Preise sind Nettopreise und gelten zzgl. der gesetzlichen MwSt.<\/em><\/p>\n<p>&nbsp;<\/p>\n<h1>Bilder des stilwerk Hamburg<\/h1>\n<p>&nbsp;<\/p>\n<div class=\"quick-gallery\"><div class=\"qg-img qg-no-title\" data-defwidth=\"198\"><a href=\"https:\/\/conzil.de\/wp-content\/uploads\/2022\/08\/Aussenansicht.png\" rel=\"lightbox[group-1]\" title=\"\" ><img src=\"https:\/\/conzil.de\/wp-content\/uploads\/2022\/08\/Aussenansicht-198x200.png\" \/><div class=\"qg-overlay\"><span class=\"icon-circle\"><span class=\"pg-icon lightbox-icon\"><\/span><\/span><\/div><\/a><\/div><div class=\"qg-img\" data-defwidth=\"198\"><a href=\"https:\/\/conzil.de\/wp-content\/uploads\/2022\/01\/stilwerk_hh-aussen-1.png\" rel=\"lightbox[group-1]\" title=\"\" ><img src=\"https:\/\/conzil.de\/wp-content\/uploads\/2022\/01\/stilwerk_hh-aussen-1-198x200.png\" \/><div class=\"qg-overlay\"><span class=\"icon-circle\"><span class=\"pg-icon lightbox-icon\"><\/span><\/span><span class=\"qg-title\">stilwerk Hamburg<\/span><\/div><\/a><\/div><div class=\"qg-img\" data-defwidth=\"198\"><a href=\"https:\/\/conzil.de\/wp-content\/uploads\/2022\/01\/stilwerk_hh-aussen_02-1.png\" rel=\"lightbox[group-1]\" title=\"\" ><img src=\"https:\/\/conzil.de\/wp-content\/uploads\/2022\/01\/stilwerk_hh-aussen_02-1-198x200.png\" \/><div class=\"qg-overlay\"><span class=\"icon-circle\"><span class=\"pg-icon lightbox-icon\"><\/span><\/span><span class=\"qg-title\">stilwerk Hamburg Eingang<\/span><\/div><\/a><\/div><div class=\"qg-img qg-no-title\" data-defwidth=\"198\"><a href=\"https:\/\/conzil.de\/wp-content\/uploads\/2022\/01\/Foyer_03.png\" rel=\"lightbox[group-1]\" title=\"\" ><img src=\"https:\/\/conzil.de\/wp-content\/uploads\/2022\/01\/Foyer_03-198x200.png\" \/><div class=\"qg-overlay\"><span class=\"icon-circle\"><span class=\"pg-icon lightbox-icon\"><\/span><\/span><\/div><\/a><\/div><div class=\"qg-img qg-no-title\" data-defwidth=\"198\"><a href=\"https:\/\/conzil.de\/wp-content\/uploads\/2022\/01\/Foyer_02.png\" rel=\"lightbox[group-1]\" title=\"\" ><img src=\"https:\/\/conzil.de\/wp-content\/uploads\/2022\/01\/Foyer_02-198x200.png\" \/><div class=\"qg-overlay\"><span class=\"icon-circle\"><span class=\"pg-icon lightbox-icon\"><\/span><\/span><\/div><\/a><\/div><div class=\"qg-img qg-no-title\" data-defwidth=\"198\"><a href=\"https:\/\/conzil.de\/wp-content\/uploads\/2022\/01\/Foyer_04.png\" rel=\"lightbox[group-1]\" title=\"\" ><img src=\"https:\/\/conzil.de\/wp-content\/uploads\/2022\/01\/Foyer_04-198x200.png\" \/><div class=\"qg-overlay\"><span class=\"icon-circle\"><span class=\"pg-icon lightbox-icon\"><\/span><\/span><\/div><\/a><\/div><div class=\"qg-img qg-no-title\" data-defwidth=\"198\"><a href=\"https:\/\/conzil.de\/wp-content\/uploads\/2022\/08\/Eventflaeche-Foyer.png\" rel=\"lightbox[group-1]\" title=\"\" ><img src=\"https:\/\/conzil.de\/wp-content\/uploads\/2022\/08\/Eventflaeche-Foyer-198x200.png\" \/><div class=\"qg-overlay\"><span class=\"icon-circle\"><span class=\"pg-icon lightbox-icon\"><\/span><\/span><\/div><\/a><\/div><div class=\"qg-img\" data-defwidth=\"198\"><a href=\"https:\/\/conzil.de\/wp-content\/uploads\/2022\/01\/forum07_03.png\" rel=\"lightbox[group-1]\" title=\"\" ><img src=\"https:\/\/conzil.de\/wp-content\/uploads\/2022\/01\/forum07_03-198x200.png\" \/><div class=\"qg-overlay\"><span class=\"icon-circle\"><span class=\"pg-icon lightbox-icon\"><\/span><\/span><span class=\"qg-title\">forum07 Event<\/span><\/div><\/a><\/div><div class=\"qg-img qg-no-title\" data-defwidth=\"198\"><a href=\"https:\/\/conzil.de\/wp-content\/uploads\/2022\/08\/Eventflaeche-7.-Etage.png\" rel=\"lightbox[group-1]\" title=\"\" ><img src=\"https:\/\/conzil.de\/wp-content\/uploads\/2022\/08\/Eventflaeche-7.-Etage-198x200.png\" \/><div class=\"qg-overlay\"><span class=\"icon-circle\"><span class=\"pg-icon lightbox-icon\"><\/span><\/span><\/div><\/a><\/div><div class=\"qg-img\" data-defwidth=\"198\"><a href=\"https:\/\/conzil.de\/wp-content\/uploads\/2022\/01\/forum07_06.png\" rel=\"lightbox[group-1]\" title=\"\" ><img src=\"https:\/\/conzil.de\/wp-content\/uploads\/2022\/01\/forum07_06-198x200.png\" \/><div class=\"qg-overlay\"><span class=\"icon-circle\"><span class=\"pg-icon lightbox-icon\"><\/span><\/span><span class=\"qg-title\">forum07 Event<\/span><\/div><\/a><\/div><div class=\"clear\"><\/div><\/div>\n<h1>&nbsp;<\/h1>\n<h1>Adresse und Kontakt<\/h1>\n<p><strong><img decoding=\"async\" loading=\"lazy\" class=\"wp-image-1491 alignleft\" src=\"https:\/\/conzil.de\/wp-content\/uploads\/2022\/01\/Anfahrt-stilwerk-Hamburg.png\" alt=\"\" width=\"576\" height=\"395\" srcset=\"https:\/\/conzil.de\/wp-content\/uploads\/2022\/01\/Anfahrt-stilwerk-Hamburg.png 898w, https:\/\/conzil.de\/wp-content\/uploads\/2022\/01\/Anfahrt-stilwerk-Hamburg-300x205.png 300w, https:\/\/conzil.de\/wp-content\/uploads\/2022\/01\/Anfahrt-stilwerk-Hamburg-768x526.png 768w\" sizes=\"(max-width: 576px) 100vw, 576px\" \/><\/strong><\/p>\n<p><strong><br \/>\nSie haben Fragen oder bereits eine konkrete Veranstaltungsanfrage?<br \/>\n<\/strong><strong>Sprechen Sie uns an \u2013 wir freuen uns auf Ihre Kontaktaufnahme.<\/strong><\/p>\n<p><i class=\"wp-svg-location location\"><\/i> stilwerk Hamburg (Gro\u00dfe Elbstra\u00dfe 68, 22767 Hamburg)<br \/>\n<i class=\"wp-svg-phone phone\"><\/i> +49 (0) 40 22 65 93 00<br \/>\n<i class=\"wp-svg-envelop envelop\"><\/i> <a href=\"mailto:stilwerk@conzil.de\">stilwerk@conzil.de<\/a><\/p>","protected":false},"excerpt":{"rendered":"<p>Sorry, this entry is only available in German. For the sake of viewer convenience, the content is shown below in [&hellip;]<\/p>\n","protected":false},"author":1,"featured_media":1503,"parent":0,"menu_order":0,"comment_status":"closed","ping_status":"closed","template":"","meta":{"ngg_post_thumbnail":0},"aioseo_notices":[],"_links":{"self":[{"href":"https:\/\/conzil.de\/en\/wp-json\/wp\/v2\/pages\/1343"}],"collection":[{"href":"https:\/\/conzil.de\/en\/wp-json\/wp\/v2\/pages"}],"about":[{"href":"https:\/\/conzil.de\/en\/wp-json\/wp\/v2\/types\/page"}],"author":[{"embeddable":true,"href":"https:\/\/conzil.de\/en\/wp-json\/wp\/v2\/users\/1"}],"replies":[{"embeddable":true,"href":"https:\/\/conzil.de\/en\/wp-json\/wp\/v2\/comments?post=1343"}],"version-history":[{"count":0,"href":"https:\/\/conzil.de\/en\/wp-json\/wp\/v2\/pages\/1343\/revisions"}],"wp:featuredmedia":[{"embeddable":true,"href":"https:\/\/conzil.de\/en\/wp-json\/wp\/v2\/media\/1503"}],"wp:attachment":[{"href":"https:\/\/conzil.de\/en\/wp-json\/wp\/v2\/media?parent=1343"}],"curies":[{"name":"wp","href":"https:\/\/api.w.org\/{rel}","templated":true}]}}