{"id":1199,"date":"2020-11-02T12:10:34","date_gmt":"2020-11-02T11:10:34","guid":{"rendered":"https:\/\/conzil.de\/?page_id=1199"},"modified":"2020-11-02T12:13:42","modified_gmt":"2020-11-02T11:13:42","slug":"digitaleweihnachten","status":"publish","type":"page","link":"https:\/\/conzil.de\/en\/digitaleweihnachten\/","title":{"rendered":"Virtuelle Weihnachtsfeier &#8211; besondere Zeiten erfordern individuelle L\u00f6sungen"},"content":{"rendered":"<p><img decoding=\"async\" class=\"img-frame alignnone\" src=\"https:\/\/conzil.de\/wp-content\/uploads\/2020\/10\/christmas.jpg\" \/><\/p>\n<p>Erneut steigen die Infektionszahlen und zahlreiche Weihnachtsfeiern werden abgesagt. Ihre ebenfalls? Das muss nicht sein, denn wir bilden Ihre individuelle Feier digital in unserer Weihnachtslocation ab. Die R\u00e4ume k\u00f6nnen sogar nach Ihren Vorstellungen \u201edekoriert\u201c werden.<\/p>\n<p>Feiern Sie Ihre erste virtuelle Weihnachtsfeier der Unternehmensgeschichte und nutzen Sie die gesamte Bandbreite technischer M\u00f6glichkeiten der Location. Unterhaltungen per Videokonferenz in Kleingruppen, Pr\u00e4sentationen f\u00fcr alle Teilnehmenden gleichzeitig, Gruppenchats, Whiteboards, etc.<\/p>\n<p>Nat\u00fcrlich steht das Programm im Mittelpunkt! Ob gemeinsam Kochen, Backen, ein Getr\u00e4nke Tasting, Basteln, ein Team Quizz oder ein Konzert eines Live-Acts. Den M\u00f6glichkeiten sind nahezu keine Grenzen gesetzt (durchf\u00fchrbar ab 20 Personen und 2 Stunden Mindestlaufzeit). Alles, was die Teilnehmer*innen ben\u00f6tigen, ist ein Computer mit Internetzugang, Mikrofon und Kamera sowie ggf. ein Smartphone.<\/p>\n<p>Sie sind interessiert? Gerne unterbreiten wir Ihnen ein ma\u00dfgeschneidertes Angebot.<\/p>\n<p>Wir freuen uns auf Ihre Anfrage!<br \/>\n<i class=\"wp-svg-phone phone\"><\/i> +49 (0) 40 22 65 93 00 | <i class=\"wp-svg-envelop envelop\"><\/i> <a href=\"mailto:elbe@conzil.de\">elbe@conzil.de<\/a><\/p>\n","protected":false},"excerpt":{"rendered":"<p>Erneut steigen die Infektionszahlen und zahlreiche Weihnachtsfeiern werden abgesagt. Ihre ebenfalls? Das muss nicht sein, denn wir bilden Ihre individuelle [&hellip;]<\/p>\n","protected":false},"author":1,"featured_media":0,"parent":0,"menu_order":0,"comment_status":"closed","ping_status":"closed","template":"","meta":{"ngg_post_thumbnail":0},"aioseo_notices":[],"_links":{"self":[{"href":"https:\/\/conzil.de\/en\/wp-json\/wp\/v2\/pages\/1199"}],"collection":[{"href":"https:\/\/conzil.de\/en\/wp-json\/wp\/v2\/pages"}],"about":[{"href":"https:\/\/conzil.de\/en\/wp-json\/wp\/v2\/types\/page"}],"author":[{"embeddable":true,"href":"https:\/\/conzil.de\/en\/wp-json\/wp\/v2\/users\/1"}],"replies":[{"embeddable":true,"href":"https:\/\/conzil.de\/en\/wp-json\/wp\/v2\/comments?post=1199"}],"version-history":[{"count":0,"href":"https:\/\/conzil.de\/en\/wp-json\/wp\/v2\/pages\/1199\/revisions"}],"wp:attachment":[{"href":"https:\/\/conzil.de\/en\/wp-json\/wp\/v2\/media?parent=1199"}],"curies":[{"name":"wp","href":"https:\/\/api.w.org\/{rel}","templated":true}]}}