{"id":1107,"date":"2020-07-16T14:57:41","date_gmt":"2020-07-16T12:57:41","guid":{"rendered":"https:\/\/conzil.de\/?page_id=1107"},"modified":"2021-07-21T09:58:33","modified_gmt":"2021-07-21T07:58:33","slug":"datenschutz-2-2","status":"publish","type":"page","link":"https:\/\/conzil.de\/en\/datenschutz-2-2\/","title":{"rendered":"Data protection"},"content":{"rendered":"<p>Wir freuen uns, dass Sie unsere Website besuchen und bedanken uns f\u00fcr Ihr Interesse an unserem Unternehmen. Der Schutz personenbezogener Daten ist uns ein wichtiges Anliegen. Deshalb erfolgt die Verarbeitung personenbezogener Daten (beispielsweise des Namens, der Anschrift, der E-Mail-Adresse oder der Telefonnummer) einer betroffenen Person in \u00dcbereinstimmung mit den geltenden europ\u00e4ischen und nationalen Rechtsvorschriften.<\/p>\n<p>Ist die Verarbeitung personenbezogener Daten erforderlich und besteht f\u00fcr eine solche Verarbeitung keine gesetzliche Grundlage, holen wir generell die Einwilligung der betroffenen Person ein.<\/p>\n<p>Ihre Einwilligungserkl\u00e4rung(en) k\u00f6nnen Sie selbstverst\u00e4ndlich jederzeit mit Wirkung f\u00fcr die Zukunft widerrufen. Bitte wenden Sie sich hierf\u00fcr an den Verantwortlichen. Die Kontaktdaten finden Sie im folgenden Bereich dieser Datenschutzerkl\u00e4rung.<\/p>\n<p>Im Folgenden erhalten Sie Informationen zur Erhebung und zum Umgang personenbezogener Daten und die Kontaktdaten des Verantwortlichen. Personenbezogene Daten sind in diesem Sinne \u00a0s\u00e4mtliche Daten, mit denen eine Person identifiziert werden kann.<\/p>\n<p>&nbsp;<\/p>\n<p>Verantwortlich f\u00fcr die Erhebung und die Verarbeitung von Daten auf dieser Website ist die<\/p>\n<p>CONZIL Veranstaltungs GmbH<br \/>\nRothenbaumchaussee 31<br \/>\n20148 Hamburg<br \/>\n<a href=\"mailto:info@conzil.de\">info@conzil.de<\/a><\/p>\n<p>&nbsp;<\/p>\n<p>im Sinne der Datenschutz-Grundverordnung (DSGVO).<\/p>\n<p>&nbsp;<\/p>\n<p><strong>Begriffsbestimmungen<\/strong><\/p>\n<p>Die Datenschutzerkl\u00e4rung der CONZIL Veranstaltungs GmbH beruht auf den Begrifflichkeiten, die durch den Europ\u00e4ischen Richtlinien- und Verordnungsgeber beim Erlass der EU-Datenschutz- Grundverordnung (nachfolgend: \u201eEU-DSGVO\u201c genannt) verwendet wurden. Unsere Datenschutzerkl\u00e4rung soll sowohl f\u00fcr die \u00d6ffentlichkeit als auch f\u00fcr unsere Kunden und Gesch\u00e4ftspartner einfach lesbar und verst\u00e4ndlich sein. Um dies zu gew\u00e4hrleisten, m\u00f6chten wir vorab die verwendeten Begrifflichkeiten erl\u00e4utern.<\/p>\n<p>Wir verwenden in dieser Datenschutzerkl\u00e4rung und auf unserer Website unter anderem die folgenden Begriffe:<\/p>\n<p>&nbsp;<\/p>\n<p><u>Personenbezogene Daten<\/u> sind alle Informationen, die sich auf eine identifizierte oder identifizierbare nat\u00fcrliche Person (nachfolgend \u201ebetroffene Person\u201c genannt) beziehen. Als identifizierbar wird eine nat\u00fcrliche Person angesehen, die direkt oder indirekt, insbesondere mittels Zuordnung zu einer Kennung (wie einem Namen, zu einer Kennnummer, zu Standortdaten, zu einer Online-Kennung oder zu einem oder mehreren besonderen Merkmalen, die Ausdruck der physischen, physiologischen, genetischen, psychischen, wirtschaftlichen, kulturellen oder sozialen Identit\u00e4t dieser nat\u00fcrlichen Person sind) identifiziert werden kann.<\/p>\n<p>&nbsp;<\/p>\n<p><u>Betroffene Person<\/u> ist jede identifizierte oder identifizierbare nat\u00fcrliche Person, deren personenbezogene Daten von dem f\u00fcr die Verarbeitung Verantwortlichen verarbeitet werden.<\/p>\n<p>&nbsp;<\/p>\n<p><u>Verarbeitung<\/u> ist jeder mit oder ohne Hilfe automatisierter Verfahren ausgef\u00fchrte Vorgang oder jede solche Vorgangsreihe im Zusammenhang mit personenbezogenen Daten: wie das Erheben, das Erfassen, die Organisation, das Ordnen, die Speicherung, die Anpassung oder Ver\u00e4nderung, das Auslesen, das Abfragen, die Verwendung, die Offenlegung durch \u00dcbermittlung, Verbreitung oder eine andere Form der Bereitstellung, den Abgleich oder die Verkn\u00fcpfung, die Einschr\u00e4nkung, das L\u00f6schen oder die Vernichtung.<\/p>\n<p>&nbsp;<\/p>\n<p><u>Einschr\u00e4nkung der Verarbeitung<\/u> ist die Markierung gespeicherter personenbezogener Daten mit dem Ziel, ihre k\u00fcnftige Verarbeitung einzuschr\u00e4nken.<\/p>\n<p>&nbsp;<\/p>\n<p><u>Profiling<\/u> ist jede Art der automatisierten Verarbeitung personenbezogener Daten, die darin besteht, dass diese personenbezogenen Daten verwendet werden, um bestimmte pers\u00f6nliche Aspekte, die sich auf eine nat\u00fcrliche Person beziehen, zu bewerten, insbesondere, um Aspekte bez\u00fcglich Arbeitsleistung, wirtschaftlicher Lage, Gesundheit, pers\u00f6nlicher Vorlieben, Interessen, Zuverl\u00e4ssigkeit, Verhalten, Aufenthaltsort oder Ortswechsel dieser nat\u00fcrlichen Person zu analysieren oder vorherzusagen.<\/p>\n<p>&nbsp;<\/p>\n<p><u>Pseudonymisierung<\/u> ist die Verarbeitung personenbezogener Daten in einer Weise, auf welche die personenbezogenen Daten ohne Hinzuziehung zus\u00e4tzlicher Informationen nicht mehr einer spezifischen betroffenen Person zugeordnet werden k\u00f6nnen. Sofern diese zus\u00e4tzlichen Informationen gesondert aufbewahrt werden und technischen und organisatorischen Ma\u00dfnahmen unterliegen, die gew\u00e4hrleisten, dass die personenbezogenen Daten nicht einer identifizierten oder identifizierbaren nat\u00fcrlichen Person zugewiesen werden.<\/p>\n<p>&nbsp;<\/p>\n<p><u>Verantwortlicher oder f\u00fcr die Verarbeitung Verantwortlicher<\/u> ist die nat\u00fcrliche oder juristische Person, Beh\u00f6rde, Einrichtung oder andere Stelle, die allein oder gemeinsam mit anderen \u00fcber die Zwecke und Mittel der Verarbeitung von personenbezogenen Daten entscheidet. Sind die Zwecke und Mittel dieser Verarbeitung durch das Unionsrecht oder das Recht der Mitgliedstaaten vorgegeben, so kann der Verantwortliche beziehungsweise k\u00f6nnen die bestimmten Kriterien seiner Benennung nach dem Unionsrecht oder dem Recht der Mitgliedstaaten vorgesehen werden.<\/p>\n<p>&nbsp;<\/p>\n<p><u>Auftragsverarbeiter<\/u> ist eine nat\u00fcrliche oder juristische Person, Beh\u00f6rde, Einrichtung oder andere Stelle, die personenbezogene Daten im Auftrag des Verantwortlichen verarbeitet.<\/p>\n<p>&nbsp;<\/p>\n<p><u>Empf\u00e4nger<\/u> ist eine nat\u00fcrliche oder juristische Person, Beh\u00f6rde, Einrichtung oder andere Stelle, der personenbezogene Daten offengelegt werden, unabh\u00e4ngig davon, ob es sich bei ihr um einen Dritten handelt oder nicht. Beh\u00f6rden, die im Rahmen eines bestimmten Untersuchungsauftrags nach dem Unionsrecht oder dem Recht der Mitgliedstaaten m\u00f6glicherweise personenbezogene Daten erhalten, gelten jedoch nicht als Empf\u00e4nger.<\/p>\n<p>&nbsp;<\/p>\n<p><u>Dritter<\/u> ist eine nat\u00fcrliche oder juristische Person, Beh\u00f6rde, Einrichtung oder andere Stelle au\u00dfer der betroffenen Person, dem Verantwortlichen, dem Auftragsverarbeiter und den Personen, die unter der unmittelbaren Verantwortung des Verantwortlichen oder des Auftragsverarbeiters befugt sind, die personenbezogenen Daten zu verarbeiten.<\/p>\n<p>&nbsp;<\/p>\n<p><u>Einwilligung<\/u> ist jede von der betroffenen Person freiwillig f\u00fcr den bestimmten Fall in informierter Weise und unmissverst\u00e4ndlich abgegebene Willensbekundung in Form einer Erkl\u00e4rung oder einer sonstigen eindeutigen best\u00e4tigenden Handlung, mit der die betroffene Person zu verstehen gibt, dass sie mit der Verarbeitung der sie betreffenden personenbezogenen Daten einverstanden ist.<\/p>\n<p>&nbsp;<\/p>\n<p><strong>Datenerhebung ohne Registrierung<\/strong><\/p>\n<p>Der Besuch und die Nutzung unserer Website ist ohne Registrierung und die Abgabe von personenbezogenen Daten m\u00f6glich. Bei Besuch der Website, ohne Registrierung und Abgabe Ihrer personenbezogenen Daten, werden ausschlie\u00dflich Browser spezifische Daten erhoben und \u00fcbermittelt (Server-Logfiles). Die Erhebung folgender Daten durch uns erfolgt im Sinne des Art. 6 Abs. 1 f DSGVO sowohl um Ihnen die Website korrekt anzeigen zu k\u00f6nnen als auch ihre Funktionalit\u00e4t und Leistungsf\u00e4higkeit zu verbessern.<\/p>\n<ul>\n<li>Titel der Website<\/li>\n<li>Datum und Uhrzeit des Zugriffes<\/li>\n<li>Webbrowser<\/li>\n<li>Betriebssystem<\/li>\n<li>IP-Adresse (ggf.: in anonymisierter Form)<\/li>\n<li>Quelle\/Verweis von welchem Sie auf die Seite gelangten<\/li>\n<\/ul>\n<p>Die erhobenen Daten werden weder weitergegeben noch anderweitig verwendet.<\/p>\n<p>&nbsp;<\/p>\n<p><strong>Kontaktaufnahme<\/strong><\/p>\n<p>Sollte ein Besucher unserer Website uns beispielsweise per E-Mail oder durch die Eingabefelder (f\u00fcr Kontakt allgemein\/Infomaterial\/Auftraggeber) personenbezogene Daten freiwillig \u00fcbermittelt haben, so werden diese nur zur Beantwortung seiner Anfragen bzw. zur Bearbeitung seines konkreten Anliegens verwendet. Der Vollst\u00e4ndigkeit halber weisen wir darauf hin, dass bei Kommunikation mittels E-Mail keine vollst\u00e4ndige Datensicherheit gew\u00e4hrleistet werden kann und im Falle besonders sensibler Daten der Postweg ratsam ist.<\/p>\n<p>&nbsp;<\/p>\n<p><strong>Ihre Betroffenenrechte<\/strong><\/p>\n<p>Die Datenschutz-Grundverordnung (DSGVO) gew\u00e4hrt Ihnen gegen\u00fcber der CONZIL Veranstaltungs GmbH als Verantwortlichem hinsichtlich der Verarbeitung Ihrer personenbezogenen Daten umfassende Betroffenenrechte (Auskunfts- und Interventionsrechte), \u00fcber die wir Sie im Folgenden aufkl\u00e4ren m\u00f6chten:<\/p>\n<p><u>Auskunftsrecht (Art. 15 DSGVO)<\/u><\/p>\n<p>Sie haben ein Recht auf Auskunft \u00fcber Ihre von uns verarbeiteten personenbezogenen Daten, die Verarbeitungszwecke, die Kategorien der verarbeiteten personenbezogenen Daten, die Empf\u00e4nger oder Kategorien von Empf\u00e4ngern, gegen\u00fcber denen Daten offengelegt worden sind oder noch werden, insbesondere bei Empf\u00e4ngern in Drittl\u00e4ndern oder bei internationalen Organisationen, die geplante Speicherdauer bzw. die Kriterien f\u00fcr die Festlegung der Speicherdauer, das Bestehen eines Rechts auf Berichtigung oder L\u00f6schung, Einschr\u00e4nkung der Verarbeitung durch uns, Widerspruch gegen die Verarbeitung, Beschwerde bei einer Aufsichtsbeh\u00f6rde, die Herkunft Ihrer Daten, wenn diese nicht durch uns bei Ihnen erhoben wurden, das Bestehen einer automatisierten Entscheidungsfindung einschlie\u00dflich Profiling und ggf. aussagekr\u00e4ftige Informationen \u00fcber die involvierte Logik und die Sie betreffende Tragweite und die angestrebten Auswirkungen einer solchen Verarbeitung f\u00fcr Sie. Sie haben ebenfalls das Recht auf Unterrichtung \u00fcber Garantien gem\u00e4\u00df Art. 46 DSGVO bei Weiterleitung Ihrer Daten in Drittl\u00e4nder.<\/p>\n<p>&nbsp;<\/p>\n<p><u>Recht auf Berichtigung (Art. 16 DSGVO)<\/u><\/p>\n<p>Sie haben das Recht auf unverz\u00fcgliche Berichtigung Sie betreffender unrichtiger Daten und\/oder Vervollst\u00e4ndigung Ihrer bei uns gespeicherten unvollst\u00e4ndigen Daten.<\/p>\n<p>&nbsp;<\/p>\n<p><u>Recht auf L\u00f6schung \/ \u201eRecht auf Vergessenwerden\u201c (Art. 17 DSGVO)<\/u><\/p>\n<p>Sie haben das Recht, die unverz\u00fcgliche L\u00f6schung Ihrer personenbezogenen Daten nach Ma\u00dfgabe des Art. 17 Abs. 1 DSGVO zu verlangen. Dieses Recht besteht jedoch nicht, wenn Gr\u00fcnde nach Art 17 Abs. 3 DSGVO vorliegen.<\/p>\n<p>&nbsp;<\/p>\n<p><u>Recht auf Einschr\u00e4nkung der Verarbeitung (Art. 18 DSGVO)<\/u><\/p>\n<p>Sie haben das Recht bei Vorliegen der nachfolgenden Voraussetzungen die Einschr\u00e4nkung der Verarbeitung zu verlangen. Sie bestreiten die Richtigkeit Ihrer personenbezogenen Daten, die Verarbeitung Ihrer Daten ist unrechtm\u00e4\u00dfig und Sie lehnen deren L\u00f6schung ab und verlangen die Einschr\u00e4nkung der Nutzung, CONZIL die Daten zur Verarbeitung f\u00fcr o.g. Zwecke nicht l\u00e4nger ben\u00f6tigt; Sie diese jedoch zur Geltendmachung, Aus\u00fcbung oder Verteidigung von Rechtsanspr\u00fcchen ben\u00f6tigen oder Sie Widerspruch gegen die Verarbeitung gem\u00e4\u00df Art. 21 Abs. 1 DSGVO eingelegt haben, solange noch nicht feststeht, ob die berechtigten Gr\u00fcnde von CONZIL gegen\u00fcber Ihren \u00fcberwiegen.<\/p>\n<p>&nbsp;<\/p>\n<p><u>Mitteilungspflicht im Zusammenhang mit der Berichtigung, L\u00f6schung, Einschr\u00e4nkung der Verarbeitung (Art. 19 DSGVO)<\/u><\/p>\n<p>Haben Sie die L\u00f6schung, Berichtigung oder Einschr\u00e4nkung der Verarbeitung Ihrer personenbezogenen Daten nach Art. 16, Art. 17 Abs.1 und Art. 18 DSGVO gegen\u00fcber dem Verantwortlichen geltend gemacht, so teilt dieser dies allen Empf\u00e4ngern Ihrer Daten mit, es sei denn dies erweist sich als unm\u00f6glich oder ist mit einem unverh\u00e4ltnism\u00e4\u00dfigen Aufwand verbunden. Der Verantwortliche unterrichtet zudem Sie, wenn Sie dies verlangen.<\/p>\n<p>&nbsp;<\/p>\n<p><u>Recht auf Daten\u00fcbertragbarkeit (Art. 20 DSGVO)<\/u><\/p>\n<p>Sie haben das Recht, Ihre personenbezogenen Daten, welche Sie uns gegeben haben, in einem strukturierten, g\u00e4ngigen und maschinenlesebaren Format zu erhalten. Sie haben zudem das Recht die \u00dcbermittlung an einen anderen Verantwortlichen zu verlangen, insofern dies technisch darstellbar ist.<\/p>\n<p>&nbsp;<\/p>\n<p><u>Recht auf Widerspruch (Art. 21 DSGVO)<\/u><\/p>\n<p>Sie haben das Recht jederzeit gegen die Verarbeitung Sie betreffender personenbezogener Daten, die aufgrund von Art. 6 Abs. 1 e.) und f.) DSGVO erfolgt, Widerspruch mit Wirkung f\u00fcr die Zukunft einzulegen. Ebenso steht Ihnen nach Art. 7 Abs. 3 DSGVO das jederzeitige Recht zu, erteilte Einwilligungen zur Erhebung und Verarbeitung zu widerrufen. Durch den Widerruf der Einwilligung wird die Rechtm\u00e4\u00dfigkeit der aufgrund der Einwilligung bis zum Widerruf erfolgten Verarbeitung nicht ber\u00fchrt. Bei Widerspruch beenden umgehend wir die Verarbeitung der betroffenen Daten. Eine Weiterverarbeitung bleibt jedoch vorbehalten, wenn zwingende, schutzw\u00fcrdige Gr\u00fcnde f\u00fcr eine Verarbeitung nachgewiesen werden k\u00f6nnen, welche Ihre Interessen, Grundrechte und Grundfreiheiten \u00fcberwiegen, oder welche zur Geltendmachung, Aus\u00fcbung oder Verteidigung von Rechtsanspr\u00fcchen dienen. Werden Ihre Personenbezogenen Daten von uns verarbeitet, um Werbung zu \u00fcbermitteln, haben Sie das Recht, jederzeit Widerspruch gegen die Verarbeitung Ihrer personenbezogenen Daten zum Zwecke von Werbung einzulegen. Im Falle eines Widerspruchs beenden wir umgehen die Nutzung Ihrer personenbezogenen Daten zu Werbezwecken.<\/p>\n<p>&nbsp;<\/p>\n<p><u>Recht auf Beschwerde (Art. 77 DSGVO)<\/u><\/p>\n<p>Sollten Sie der Ansicht sein, dass die Verarbeitung Ihrer personenbezogenen Daten gegen die Datenschutz-Grundverordnung verst\u00f6\u00dft, haben Sie, unbeschadet eines anderweitigen verwaltungsrechtlichen oder gerichtlichen Rechtsbehelfs, das Recht auf Beschwerde bei einer Aufsichtsbeh\u00f6rde, insbesondere in dem Mitgliedstaat Ihres Aufenthaltsortes, Ihres Arbeitsplatzes oder des Ortes des mutma\u00dflichen Versto\u00dfes.<\/p>\n<p>&nbsp;<\/p>\n<p><strong>Dauer der Speicherung\/ routinem\u00e4\u00dfige L\u00f6schung und Sperrung personenbezogener Daten:<\/strong><\/p>\n<p>Bestehen bereits Buchungen und Gesch\u00e4ftsvorf\u00e4lle, so richtet sich die Dauer der Speicherung von personenbezogenen Daten nach den jeweiligen gesetzlichen Aufbewahrungsfristen.<\/p>\n<p>Der f\u00fcr die Verarbeitung Verantwortliche verarbeitet (in diesem Sinne auch: speichert) personenbezogene Daten der betroffenen Person nur f\u00fcr den Zeitraum, der zur Erreichung des Speicherungszwecks erforderlich ist oder sofern dies durch den Europ\u00e4ischen Richtlinien- und Verordnungsgeber oder einen anderen Gesetzgeber in Gesetzen oder Vorschriften, welchen der f\u00fcr die Verarbeitung Verantwortliche unterliegt, vorgesehen wurde.<\/p>\n<p>Entf\u00e4llt der Speicherungszweck oder l\u00e4uft eine vom Europ\u00e4ischen Richtlinien- und Verordnungsgeber oder einem anderen zust\u00e4ndigen Gesetzgeber vorgeschriebene Speicherfrist ab, werden die personenbezogenen Daten routinem\u00e4\u00dfig und entsprechend den gesetzlichen Vorschriften gesperrt oder gel\u00f6scht.<\/p>\n<p>&nbsp;<\/p>\n<p><strong>Cookies<\/strong><\/p>\n<p>Zur Steigerung der Attraktivit\u00e4t unserer Webseite und der Bereitstellung verschiedener Funktionen, verwenden wir Cookies. Cookies sind Textdateien, welche auf Ihrem Ger\u00e4t abgelegt werden. Einige der von uns verwendeten Cookies werden mit dem Schlie\u00dfen Ihres Browsers gel\u00f6scht. Andere Cookies bleiben auf Ihrem Ger\u00e4t und erm\u00f6glichen uns, Ihren Browser im Falle eines sp\u00e4teren Besuches wiederzuerkennen (persistente Cookies).<\/p>\n<p>Gesetzte Cookies erheben und nutzen bestimmte Nutzerinformationen wie IP-Adressen, Browser- und Standortdaten. Persistente Cookies werden automatisiert nach einer vorgegebenen Dauer gel\u00f6scht. Diese Dauer kann nach Art des Cookies unterschiedlich sein.<\/p>\n<p>F\u00fcr den Fall, dass einzelne implementierte Cookies auch personenbezogene Daten verarbeiten, erfolgt die Verarbeitung im Sinne des Art. 6 Abs. 1 f DSGVO zur Wahrung unserer Interessen an der bestm\u00f6glichen Funktionalit\u00e4t der Website sowie einer bedienerfreundlichen und sinnvollen Funktionsweise unseres Netzangebotes.<\/p>\n<p>Sie haben die M\u00f6glichkeit Ihren Browser in der Art zu konfigurieren, dass er Sie \u00fcber das Setzen von Cookies informiert und Sie fallweise \u00fcber eine Annahme entscheiden oder die Annahme von Cookies in einzelnen F\u00e4llen oder grunds\u00e4tzlich ablehnen k\u00f6nnen. Durch die Nichtannahme von Cookies kann die Funktionalit\u00e4t von Websites eingeschr\u00e4nkt sein. Die Beschreibung der Konfigurationseinstellungen finden Sie jeweils im Hilfemen\u00fc Ihres genutzten Browsers.<\/p>\n<p>&nbsp;<\/p>\n<p><strong>Google Analytics<\/strong><\/p>\n<p>Dieses Angebot benutzt Google Analytics, einen Webanalysedienst der Google Inc. (\u201eGoogle\u201c). Google Analytics verwendet sog. \u201eCookies\u201c, Textdateien, die auf Computer der Nutzer gespeichert werden und die eine Analyse der Benutzung der Website durch sie erm\u00f6glichen. Die durch einen Cookie erzeugten Informationen \u00fcber Benutzung dieser Website durch die Nutzer werden in der Regel an einen Server von Google in den USA \u00fcbertragen und dort gespeichert.<\/p>\n<p>Im Falle der Aktivierung der IP-Anonymisierung auf dieser Website, wird die IP-Adresse der Nutzer von Google jedoch innerhalb von Mitgliedstaaten der Europ\u00e4ischen Union oder in anderen Vertragsstaaten des Abkommens \u00fcber den Europ\u00e4ischen Wirtschaftsraum zuvor gek\u00fcrzt. Nur in Ausnahmef\u00e4llen wird die volle IP-Adresse an einen Server von Google in den USA \u00fcbertragen und dort gek\u00fcrzt. Die IP-Anonymisierung ist auf dieser Website aktiv. Im Auftrag des Betreibers dieser Website wird Google diese Informationen benutzen, um die Nutzung der Website durch die Nutzer auszuwerten, um Reports \u00fcber die Websiteaktivit\u00e4ten zusammenzustellen und um weitere mit der Websitenutzung und der Internetnutzung verbundene Dienstleistungen gegen\u00fcber dem Websitebetreiber zu erbringen.<\/p>\n<p>Die im Rahmen von Google Analytics von Ihrem Browser \u00fcbermittelte IP-Adresse wird nicht mit anderen Daten von Google zusammengef\u00fchrt. Die Nutzer k\u00f6nnen die Speicherung der Cookies durch eine entsprechende Einstellung Ihrer Browser-Software verhindern. Dieses Angebot weist die Nutzer jedoch darauf hin, dass Sie in diesem Fall gegebenenfalls nicht s\u00e4mtliche Funktionen dieser Website vollumf\u00e4nglich werden nutzen k\u00f6nnen. Die Nutzer k\u00f6nnen dar\u00fcber hinaus die Erfassung der durch das Cookie erzeugten und auf ihre Nutzung der Website bezogenen Daten (inkl. Ihrer IP-Adresse) an Google sowie die Verarbeitung dieser Daten durch Google verhindern, indem Sie das unter dem folgenden Link verf\u00fcgbare Browser-Plugin herunterladen und installieren: <a href=\"http:\/\/tools.google.com\/dlpage\/gaoptout?hl=de\">http:\/\/tools.google.com\/dlpage\/gaoptout?hl=de<\/a>.<\/p>\n<p>Weitere Informationen zur Datennutzung zu Werbezwecken durch Google, Einstellungs- und Widerspruchsm\u00f6glichkeiten erfahren Sie auf den Websites von Google: <a href=\"https:\/\/www.google.com\/intl\/de\/policies\/privacy\/partners\/\">https:\/\/www.google.com\/intl\/de\/policies\/privacy\/partners\/<\/a> \u00a0(\u201eDatennutzung durch Google bei Ihrer Nutzung von Websites oder Apps unserer Partner\u201c), <a href=\"http:\/\/www.google.com\/policies\/technologies\/ads\">http:\/\/www.google.com\/policies\/technologies\/ads<\/a> \u00a0(\u201eDatennutzung zu Werbezwecken\u201c), <a href=\"http:\/\/www.google.de\/settings\/ads\">http:\/\/www.google.de\/settings\/ads<\/a> \u00a0(\u201eInformationen verwalten, die Google verwendet, um Ihnen Werbung einzublenden\u201c) und <a href=\"http:\/\/www.google.com\/ads\/preferences\/\">http:\/\/www.google.com\/ads\/preferences\/<\/a> \u00a0(\u201eBestimmen Sie, welche Werbung Google Ihnen zeigt\u201c).<\/p>\n<p>Alternativ zum Browser-Add-On oder innerhalb von Browsern auf mobilen Ger\u00e4ten, klicken Sie bitte auf den Link \u201eGoogle Analytics ausschalten\u201c unten auf dieser Seite, um die Erfassung durch Google Analytics innerhalb dieser Website zuk\u00fcnftig zu verhindern. Dabei wird ein Opt-Out-Cookie auf Ihrem Ger\u00e4t abgelegt. L\u00f6schen Sie Ihre Cookies, m\u00fcssen Sie diesen Link erneut klicken.<\/p>\n<p>[google_analytics_optout]Google Analytics deaktivieren[\/google_analytics_optout]<\/p>\n<p>&nbsp;<\/p>\n<p>Hamburg, Mai 2018<\/p>\n<p>&nbsp;<\/p>\n<p><strong>\u00c4nderungen der Datenschutzrichtlinie<br \/>\n<\/strong>Wir behalten uns das Recht vor, unsere Datenschutzpraktiken und diese Richtlinie abzu\u00e4ndern, um Sie gegebenenfalls an \u00c4nderungen relevanter Gesetze bzw. Vorschriften anzupassen oder Ihren Bed\u00fcrfnissen besser gerecht zu werden. M\u00f6gliche \u00c4nderungen unserer Datenschutzpraktiken werden entsprechend an dieser Stelle bekannt gegeben. Beachten Sie hierzu bitte das aktuelle Versionsdatum der Datenschutzerkl\u00e4rung.<\/p>","protected":false},"excerpt":{"rendered":"<p>Wir freuen uns, dass Sie unsere Website besuchen und bedanken uns f\u00fcr Ihr Interesse an unserem Unternehmen. Der Schutz personenbezogener [&hellip;]<\/p>\n","protected":false},"author":1,"featured_media":0,"parent":0,"menu_order":0,"comment_status":"closed","ping_status":"closed","template":"","meta":{"ngg_post_thumbnail":0},"aioseo_notices":[],"_links":{"self":[{"href":"https:\/\/conzil.de\/en\/wp-json\/wp\/v2\/pages\/1107"}],"collection":[{"href":"https:\/\/conzil.de\/en\/wp-json\/wp\/v2\/pages"}],"about":[{"href":"https:\/\/conzil.de\/en\/wp-json\/wp\/v2\/types\/page"}],"author":[{"embeddable":true,"href":"https:\/\/conzil.de\/en\/wp-json\/wp\/v2\/users\/1"}],"replies":[{"embeddable":true,"href":"https:\/\/conzil.de\/en\/wp-json\/wp\/v2\/comments?post=1107"}],"version-history":[{"count":0,"href":"https:\/\/conzil.de\/en\/wp-json\/wp\/v2\/pages\/1107\/revisions"}],"wp:attachment":[{"href":"https:\/\/conzil.de\/en\/wp-json\/wp\/v2\/media?parent=1107"}],"curies":[{"name":"wp","href":"https:\/\/api.w.org\/{rel}","templated":true}]}}