{"id":10,"date":"2014-01-17T20:50:36","date_gmt":"2014-01-17T19:50:36","guid":{"rendered":"http:\/\/conzil.de\/conzil\/?page_id=10"},"modified":"2021-07-21T09:50:56","modified_gmt":"2021-07-21T07:50:56","slug":"impressum","status":"publish","type":"page","link":"https:\/\/conzil.de\/en\/impressum\/","title":{"rendered":"Impressum"},"content":{"rendered":"<p><strong>CONZIL Veranstaltungs GmbH<br \/>\n<\/strong>Mexikoring 29<br \/>\nD-22297 Hamburg<\/p>\n<p>&nbsp;<\/p>\n<p><strong>Kontakt:<br \/>\n<\/strong> <span style=\"line-height: 1.5em;\">Telefon +49 (0) 40 \u2013 22 65 93 00<br \/>\n<\/span>Telefax +49 (0) 40 \u2013 22 65 93 040<br \/>\n<a href=\"mailto:elbe@conzil.de\" target=\"_blank\" rel=\"noopener noreferrer\">elbe@conzil.de<\/a><br \/>\n<a href=\"www.conzil.de\" target=\"_blank\" rel=\"noopener noreferrer\">www.conzil.de<\/a><\/p>\n<p>&nbsp;<\/p>\n<p><strong>Vertretungsberechtigte Gesch\u00e4ftsf\u00fchrer:<br \/>\n<\/strong> Uwe Conrady<br \/>\nRoman Zilz<\/p>\n<p>&nbsp;<\/p>\n<p><strong>Umsatzsteuer-Identifikationsnummer gem\u00e4\u00df \u00a7 27 a Umsatzsteuergesetz:<br \/>\n<\/strong> Umsatzsteuer ID: DE293463213<\/p>\n<p>&nbsp;<\/p>\n<p><strong>Registereintrag:<br \/>\n<\/strong> Amtsgericht Hamburg HRB 130832<\/p>\n<p>&nbsp;<\/p>\n<p><strong>Inhaltlich Verantwortlicher gem\u00e4\u00df \u00a7 10 Absatz 3 MDStV:<br \/>\n<\/strong> Uwe Conrady, Roman Zilz (Anschrift wie oben)<\/p>\n<p>&nbsp;<\/p>\n<p><strong>Bildnachweise:<br \/>\n<\/strong> \u00a9 nyul &#8211; Fotolia.com<br \/>\n\u00a9 Tyler Olson &#8211; Fotolia.com<br \/>\n\u00a9 ahriam12 &#8211; Fotolia.com<br \/>\n\u00a9 ACE &#8211; Fotolia.com<br \/>\n<span style=\"line-height: 1.5em;\">\u00a9 Luftbildfotograf &#8211; Fotolia.com<br \/>\n<\/span><span style=\"line-height: 1.5em;\">\u00a9 Jan Jansen &#8211; Fotolia.com<br \/>\n<\/span><span style=\"line-height: 1.5em;\">\u00a9 Sophie James &#8211; Fotolia.com<br \/>\n<\/span><span style=\"line-height: 1.5em;\">\u00a9 marinodombrowski &#8211; Fotolia.com<br \/>\n<\/span><span style=\"line-height: 1.5em;\">\u00a9 lightpoet &#8211; Fotolia.com<br \/>\n<\/span><span style=\"line-height: 1.5em;\">\u00a9 Reicher &#8211; Fotolia.com<br \/>\n<\/span><span style=\"line-height: 1.5em;\">\u00a9 Ruslan Gilmanshin &#8211; Fotolia.com<br \/>\n<\/span><span style=\"line-height: 1.5em;\">\u00a9 Halfpoint &#8211; Fotolia.com<br \/>\n<\/span><span style=\"line-height: 1.5em;\">\u00a9 Mopic &#8211; Fotolia.com<br \/>\n<\/span><span style=\"line-height: 1.5em;\">\u00a9 davis &#8211; Fotolia.com<br \/>\n<\/span><span style=\"line-height: 1.5em;\">\u00a9 pressmaster &#8211; Fotolia.com<br \/>\n<\/span><span style=\"line-height: 1.5em;\">\u00a9 Anna Omelchenko &#8211; Fotolia.com<br \/>\n\u00a9 Coloures-pic\u00a0&#8211; Fotolia.com<br \/>\n<\/span>\u00a9 Julian Weigert<\/p>\n<p>&nbsp;<\/p>\n<p><strong>Haftungshinweis:<br \/>\n<\/strong> Trotz sorgf\u00e4ltiger Kontrolle \u00fcbernehmen wir keine Haftung f\u00fcr die Inhalte externer Links. F\u00fcr den Inhalt der verlinkten Seiten sind ausschlie\u00dflich deren Betreiber verantwortlich.<\/p>\n<p>&nbsp;<\/p>\n<p><strong>Auskunftsrecht<br \/>\n<\/strong> Sie haben jederzeit das Recht auf Auskunft \u00fcber die bez\u00fcglich Ihrer Person gespeicherten Daten, deren Herkunft und Empf\u00e4nger sowie den Zweck der Speicherung. Auskunft \u00fcber die gespeicherten Daten gibt der Datenschutzbeauftragte.<\/p>","protected":false},"excerpt":{"rendered":"<p>CONZIL Veranstaltungs GmbH Mexikoring 29 D-22297 Hamburg &nbsp; Kontakt: Telefon +49 (0) 40 \u2013 22 65 93 00 Telefax +49 [&hellip;]<\/p>\n","protected":false},"author":1,"featured_media":0,"parent":0,"menu_order":0,"comment_status":"closed","ping_status":"closed","template":"","meta":{"ngg_post_thumbnail":0},"aioseo_notices":[],"_links":{"self":[{"href":"https:\/\/conzil.de\/en\/wp-json\/wp\/v2\/pages\/10"}],"collection":[{"href":"https:\/\/conzil.de\/en\/wp-json\/wp\/v2\/pages"}],"about":[{"href":"https:\/\/conzil.de\/en\/wp-json\/wp\/v2\/types\/page"}],"author":[{"embeddable":true,"href":"https:\/\/conzil.de\/en\/wp-json\/wp\/v2\/users\/1"}],"replies":[{"embeddable":true,"href":"https:\/\/conzil.de\/en\/wp-json\/wp\/v2\/comments?post=10"}],"version-history":[{"count":0,"href":"https:\/\/conzil.de\/en\/wp-json\/wp\/v2\/pages\/10\/revisions"}],"wp:attachment":[{"href":"https:\/\/conzil.de\/en\/wp-json\/wp\/v2\/media?parent=10"}],"curies":[{"name":"wp","href":"https:\/\/api.w.org\/{rel}","templated":true}]}}